{"id":4965,"date":"2025-04-28T09:24:54","date_gmt":"2025-04-28T02:24:54","guid":{"rendered":"https:\/\/yensao100.com\/?post_type=product&#038;p=4965"},"modified":"2025-04-28T14:55:53","modified_gmt":"2025-04-28T07:55:53","slug":"yen-huyet-dao-yen-thien-nhien-khanh-hoa-hop-100g-024","status":"publish","type":"product","link":"https:\/\/yensao100.com\/vi\/product\/yen-huyet-dao-yen-thien-nhien-khanh-hoa-hop-100g-024\/","title":{"rendered":"Y\u1ebfn huy\u1ebft \u0111\u1ea3o y\u1ebfn thi\u00ean nhi\u00ean Kh\u00e1nh H\u00f2a h\u1ed9p 100g \u2013 024"},"content":{"rendered":"<h2 class=\"font-bold uppercase\">Th\u00f4ng tin n\u1ed5i b\u1eadt<\/h2>\n<div class=\"content-containing-tables scrollbar wysiwyg prose\">\n<p>Y\u1ebfn huy\u1ebft thi\u00ean nhi\u00ean nguy\u00ean t\u1ed5 l\u00e0 t\u1ed5 y\u1ebfn c\u00f3 m\u00e0u \u0111\u1ecf t\u1ef1 nhi\u00ean. S\u1ea3n ph\u1ea9m Y\u1ebfn huy\u1ebft \u0111\u1ea3o y\u1ebfn thi\u00ean nhi\u00ean nguy\u00ean t\u1ed5 h\u1ed9p 100g, m\u00e3 s\u1ea3n ph\u1ea9m 024 c\u00f3 gi\u00e1 tr\u1ecb dinh d\u01b0\u1ee1ng r\u1ea5t cao. Nh\u1edd v\u00e0o ngu\u1ed3n g\u1ed1c \u0111\u1ecba h\u00f3a, th\u00e0nh ph\u1ea7n h\u00f3a h\u1ecdc v\u00e0 kho\u00e1ng v\u1eadt phong ph\u00fa t\u1ea1i nh\u1eefng v\u00e1ch \u0111\u00e1 cheo leo hi\u1ec3m tr\u1edf, hang \u0111\u1ed9ng d\u01b0\u1edbi ch\u00e2n s\u00f3ng v\u1ed7 quanh n\u0103m l\u00e0 n\u1ec1n t\u1ea3ng l\u00e0m phong ph\u00fa nguy\u00ean t\u1ed1 \u0111a vi l\u01b0\u1ee3ng trong t\u1ed5 y\u1ebfn, t\u1ea1o n\u00ean gi\u00e1 tr\u1ecb dinh d\u01b0\u1ee1ng \u0111\u1eb7c bi\u1ec7t cao v\u00e0 m\u00f9i v\u1ecb \u0111\u1eb7c tr\u01b0ng c\u1ee7a t\u1ed5 y\u1ebfn \u0111\u1ea3o thi\u00ean nhi\u00ean. \u0110\u1eb7c bi\u1ec7t, ch\u1ec9 c\u00f3 m\u1ed9t s\u1ed1 hang \u0111\u1ea3o thi\u00ean nhi\u00ean t\u1ea1i c\u00e1c \u0111\u1ea3o y\u1ebfn Kh\u00e1nh H\u00f2a m\u1edbi c\u00f3 t\u1ed5 y\u1ebfn huy\u1ebft.<br \/>\nS\u1ea3n ph\u1ea9m \u0111\u01b0\u1ee3c s\u01a1 ch\u1ebf, lo\u1ea1i b\u1ecf t\u1ea1p ch\u1ea5t tr\u00ean b\u1ec1 m\u1eb7t v\u00e0 trong t\u1ed5 y\u1ebfn b\u1eb1ng c\u00e1c d\u1ee5ng c\u1ee5 chuy\u00ean d\u00f9ng. Khi s\u1eed d\u1ee5ng, kh\u00e1ch h\u00e0ng ph\u1ea3i l\u00e0m s\u1ea1ch l\u1ea1i tr\u01b0\u1edbc khi \u0111\u01b0a v\u00e0o ch\u1ebf bi\u1ebfn.<br \/>\nY\u1ebfn s\u00e0o l\u00e0 m\u1ed9t trong 8 m\u00f3n \u0103n b\u1ed5 d\u01b0\u1ee1ng. Trong th\u00e0nh ph\u1ea7n Y\u1ebfn s\u00e0o c\u00f3 18 lo\u1ea1i acid amin c\u00f3 h\u00e0m l\u01b0\u1ee3ng cao nh\u01b0: Aspartic acid, Serine, Tyrosine, Phenylalanine, Valine, Arginine, Leucine, \u00a0M\u1ed9t s\u1ed1 lo\u1ea1i acid amin kh\u00f4ng th\u1ec3 thay th\u1ebf c\u00f3 h\u00e0m l\u01b0\u1ee3ng r\u1ea5t cao nh\u01b0 Threonine, Phenylalanine, Leucine, Valine, Isoleucine, Arginine, Methionine. B\u1eb1ng ph\u01b0\u01a1ng ph\u00e1p hu\u1ef3nh quang tia X \u0111\u00e3 ph\u00e1t hi\u1ec7n Y\u1ebfn s\u00e0o c\u00f3 ch\u1ee9a \u0111\u1ebfn 31 lo\u1ea1i nguy\u00ean t\u1ed1 \u0111a, vi l\u01b0\u1ee3ng c\u00f3 \u00edch cho s\u1ee9c kh\u1ecfe con ng\u01b0\u1eddi, \u0111\u00f3 l\u00e0 Mn, Br, Cu, Zn, Cr, Se &#8230; (Theo s\u1ed1 li\u1ec7u nghi\u00ean c\u1ee9u c\u1ee7a Trung t\u00e2m Khoa h\u1ecdc t\u1ef1 nhi\u00ean v\u00e0 C\u00f4ng ngh\u1ec7 Qu\u1ed1c gia).<\/p>\n<p>Y\u1ebfn s\u00e0o\u00a0\u0111\u1ea3o y\u1ebfn\u00a0thi\u00ean nhi\u00ean Kh\u00e1nh H\u00f2a (nguy\u00ean t\u1ed5): L\u00e0 s\u1ea3n ph\u1ea9m \u0111\u00e3 \u0111\u01b0\u1ee3c l\u00e0m s\u1ea1ch b\u1ec1 m\u1eb7t, lo\u1ea1i b\u1ecf t\u1ed1i \u0111a l\u00f4ng chim v\u00e0 t\u1ea1p ch\u1ea5t, khi s\u1eed d\u1ee5ng kh\u00e1ch h\u00e0ng ph\u1ea3i l\u00e0m s\u1ea1ch k\u1ef9 l\u1ea1i tr\u01b0\u1edbc khi \u0111\u01b0a v\u00e0o ch\u1ebf bi\u1ebfn.<\/p>\n<figure class=\"image image-style-align-center\"><img decoding=\"async\" class=\"object-contain my-4 aligncenter\" src=\"https:\/\/yensaokhanhhoa.com.vn\/image\/yen-sao-khanh-hoa\/DuocMuaYenHuyet%281%29.jpg\" alt=\"\u0110\u01b0\u1ee3c m\u00f9a y\u1ebfn huy\u1ebft\" width=\"423\" \/><\/figure>\n<p style=\"text-align: center;\">Y\u1ebfn s\u00e0o l\u00e0 m\u1ed9t trong 8 m\u00f3n \u0103n b\u1ed5 d\u01b0\u1ee1ng. Trong th\u00e0nh ph\u1ea7n Y\u1ebfn s\u00e0o c\u00f3 18 lo\u1ea1i acid amin c\u00f3 h\u00e0m l\u01b0\u1ee3ng cao nh\u01b0: Aspartic acid, Serine, Tyrosine, Phenylalanine, Valine, Arginine, Leucine, \u00a0M\u1ed9t s\u1ed1 lo\u1ea1i acid amin kh\u00f4ng th\u1ec3 thay th\u1ebf c\u00f3 h\u00e0m l\u01b0\u1ee3ng r\u1ea5t cao nh\u01b0 Threonine, Phenylalanine, Leucine, Valine, Isoleucine, Arginine, Methionine. B\u1eb1ng ph\u01b0\u01a1ng ph\u00e1p hu\u1ef3nh quang tia X \u0111\u00e3 ph\u00e1t hi\u1ec7n Y\u1ebfn s\u00e0o c\u00f3 ch\u1ee9a \u0111\u1ebfn 31 lo\u1ea1i nguy\u00ean t\u1ed1 \u0111a, vi l\u01b0\u1ee3ng c\u00f3 \u00edch cho s\u1ee9c kh\u1ecfe con ng\u01b0\u1eddi, \u0111\u00f3 l\u00e0 Mn, Br, Cu, Zn, Cr, Se &#8230; (Theo s\u1ed1 li\u1ec7u nghi\u00ean c\u1ee9u c\u1ee7a Trung t\u00e2m Khoa h\u1ecdc t\u1ef1 nhi\u00ean v\u00e0 C\u00f4ng ngh\u1ec7 Qu\u1ed1c gia).<\/p>\n<div style=\"text-align: center;\"><iframe src=\"https:\/\/www.youtube.com\/embed\/SN-40DMAgJo\" frameborder=\"0\" scrolling=\"no\" data-mce-fragment=\"1\"><\/iframe><\/div>\n<\/div>\n","protected":false},"excerpt":{"rendered":"<p>Y\u1ebfn huy\u1ebft thi\u00ean nhi\u00ean nguy\u00ean t\u1ed5 l\u00e0 t\u1ed5 y\u1ebfn c\u00f3 m\u00e0u \u0111\u1ecf t\u1ef1 nhi\u00ean.<\/p>\n","protected":false},"featured_media":5082,"comment_status":"open","ping_status":"closed","template":"","meta":{"_acf_changed":false},"product_brand":[],"product_cat":[83],"product_tag":[],"class_list":{"0":"post-4965","1":"product","2":"type-product","3":"status-publish","4":"has-post-thumbnail","6":"product_cat-yen-sao-nguyen-to","8":"first","9":"instock","10":"shipping-taxable","11":"purchasable","12":"product-type-simple"},"acf":[],"yoast_head":"<!-- This site is optimized with the Yoast SEO Premium plugin v23.0 (Yoast SEO v25.1) - https:\/\/yoast.com\/wordpress\/plugins\/seo\/ -->\n<title>Y\u1ebfn huy\u1ebft \u0111\u1ea3o y\u1ebfn thi\u00ean nhi\u00ean Kh\u00e1nh H\u00f2a h\u1ed9p 100g \u2013 024 - Y\u1ebfn S\u00e0o 100 SALE<\/title>\n<meta name=\"robots\" content=\"noindex, follow, max-snippet:-1, max-image-preview:large, max-video-preview:-1\" \/>\n<meta property=\"og:locale\" content=\"vi_VN\" \/>\n<meta property=\"og:type\" content=\"article\" \/>\n<meta property=\"og:title\" content=\"Y\u1ebfn huy\u1ebft \u0111\u1ea3o y\u1ebfn thi\u00ean nhi\u00ean Kh\u00e1nh H\u00f2a h\u1ed9p 100g \u2013 024\" \/>\n<meta property=\"og:description\" content=\"Y\u1ebfn huy\u1ebft thi\u00ean nhi\u00ean nguy\u00ean t\u1ed5 l\u00e0 t\u1ed5 y\u1ebfn c\u00f3 m\u00e0u \u0111\u1ecf t\u1ef1 nhi\u00ean.\" \/>\n<meta property=\"og:url\" content=\"https:\/\/yensao100.com\/vi\/product\/yen-huyet-dao-yen-thien-nhien-khanh-hoa-hop-100g-024\/\" \/>\n<meta property=\"og:site_name\" content=\"Y\u1ebfn S\u00e0o 100 SALE\" \/>\n<meta property=\"article:modified_time\" content=\"2025-04-28T07:55:53+00:00\" \/>\n<meta property=\"og:image\" content=\"https:\/\/yensao100.com\/wp-content\/uploads\/2025\/04\/20241126025033024_2.jpg\" \/>\n\t<meta property=\"og:image:width\" content=\"460\" \/>\n\t<meta property=\"og:image:height\" content=\"306\" \/>\n\t<meta property=\"og:image:type\" content=\"image\/jpeg\" \/>\n<meta name=\"twitter:card\" content=\"summary_large_image\" \/>\n<meta name=\"twitter:label1\" content=\"Est. reading time\" \/>\n\t<meta name=\"twitter:data1\" content=\"3 minutes\" \/>\n<script type=\"application\/ld+json\" class=\"yoast-schema-graph\">{\"@context\":\"https:\/\/schema.org\",\"@graph\":[{\"@type\":\"WebPage\",\"@id\":\"https:\/\/yensao100.com\/vi\/product\/yen-huyet-dao-yen-thien-nhien-khanh-hoa-hop-100g-024\/\",\"url\":\"https:\/\/yensao100.com\/vi\/product\/yen-huyet-dao-yen-thien-nhien-khanh-hoa-hop-100g-024\/\",\"name\":\"Y\u1ebfn huy\u1ebft \u0111\u1ea3o y\u1ebfn thi\u00ean nhi\u00ean Kh\u00e1nh H\u00f2a h\u1ed9p 100g \u2013 024 - Y\u1ebfn S\u00e0o 100 SALE\",\"isPartOf\":{\"@id\":\"https:\/\/yensao100.com\/#website\"},\"primaryImageOfPage\":{\"@id\":\"https:\/\/yensao100.com\/vi\/product\/yen-huyet-dao-yen-thien-nhien-khanh-hoa-hop-100g-024\/#primaryimage\"},\"image\":{\"@id\":\"https:\/\/yensao100.com\/vi\/product\/yen-huyet-dao-yen-thien-nhien-khanh-hoa-hop-100g-024\/#primaryimage\"},\"thumbnailUrl\":\"https:\/\/yensao100.com\/wp-content\/uploads\/2025\/04\/20241126025033024_2.jpg\",\"datePublished\":\"2025-04-28T02:24:54+00:00\",\"dateModified\":\"2025-04-28T07:55:53+00:00\",\"breadcrumb\":{\"@id\":\"https:\/\/yensao100.com\/vi\/product\/yen-huyet-dao-yen-thien-nhien-khanh-hoa-hop-100g-024\/#breadcrumb\"},\"inLanguage\":\"vi-VN\",\"potentialAction\":[{\"@type\":\"ReadAction\",\"target\":[\"https:\/\/yensao100.com\/vi\/product\/yen-huyet-dao-yen-thien-nhien-khanh-hoa-hop-100g-024\/\"]}]},{\"@type\":\"ImageObject\",\"inLanguage\":\"vi-VN\",\"@id\":\"https:\/\/yensao100.com\/vi\/product\/yen-huyet-dao-yen-thien-nhien-khanh-hoa-hop-100g-024\/#primaryimage\",\"url\":\"https:\/\/yensao100.com\/wp-content\/uploads\/2025\/04\/20241126025033024_2.jpg\",\"contentUrl\":\"https:\/\/yensao100.com\/wp-content\/uploads\/2025\/04\/20241126025033024_2.jpg\",\"width\":460,\"height\":306},{\"@type\":\"BreadcrumbList\",\"@id\":\"https:\/\/yensao100.com\/vi\/product\/yen-huyet-dao-yen-thien-nhien-khanh-hoa-hop-100g-024\/#breadcrumb\",\"itemListElement\":[{\"@type\":\"ListItem\",\"position\":1,\"name\":\"Home\",\"item\":\"https:\/\/yensao100.com\/\"},{\"@type\":\"ListItem\",\"position\":2,\"name\":\"Shop\",\"item\":\"https:\/\/yensao100.com\/shop\/\"},{\"@type\":\"ListItem\",\"position\":3,\"name\":\"Y\u1ebfn huy\u1ebft \u0111\u1ea3o y\u1ebfn thi\u00ean nhi\u00ean Kh\u00e1nh H\u00f2a h\u1ed9p 100g \u2013 024\"}]},{\"@type\":\"WebSite\",\"@id\":\"https:\/\/yensao100.com\/#website\",\"url\":\"https:\/\/yensao100.com\/\",\"name\":\"Y\u1ebfn S\u00e0o 100\",\"description\":\"\",\"publisher\":{\"@id\":\"https:\/\/yensao100.com\/#organization\"},\"potentialAction\":[{\"@type\":\"SearchAction\",\"target\":{\"@type\":\"EntryPoint\",\"urlTemplate\":\"https:\/\/yensao100.com\/?s={search_term_string}\"},\"query-input\":{\"@type\":\"PropertyValueSpecification\",\"valueRequired\":true,\"valueName\":\"search_term_string\"}}],\"inLanguage\":\"vi-VN\"},{\"@type\":\"Organization\",\"@id\":\"https:\/\/yensao100.com\/#organization\",\"name\":\"C\u00d4NG TY TNHH M\u1ed8T TH\u00c0NH VI\u00caN Y\u1ebeN 100\",\"url\":\"https:\/\/yensao100.com\/\",\"logo\":{\"@type\":\"ImageObject\",\"inLanguage\":\"vi-VN\",\"@id\":\"https:\/\/yensao100.com\/#\/schema\/logo\/image\/\",\"url\":\"https:\/\/yensao100.com\/wp-content\/uploads\/2025\/04\/Yen100-logo-cut.png\",\"contentUrl\":\"https:\/\/yensao100.com\/wp-content\/uploads\/2025\/04\/Yen100-logo-cut.png\",\"width\":3059,\"height\":2229,\"caption\":\"C\u00d4NG TY TNHH M\u1ed8T TH\u00c0NH VI\u00caN Y\u1ebeN 100\"},\"image\":{\"@id\":\"https:\/\/yensao100.com\/#\/schema\/logo\/image\/\"}}]}<\/script>\n<!-- \/ Yoast SEO Premium plugin. -->","yoast_head_json":{"title":"Y\u1ebfn huy\u1ebft \u0111\u1ea3o y\u1ebfn thi\u00ean nhi\u00ean Kh\u00e1nh H\u00f2a h\u1ed9p 100g \u2013 024 - Y\u1ebfn S\u00e0o 100 SALE","robots":{"index":"noindex","follow":"follow","max-snippet":"max-snippet:-1","max-image-preview":"max-image-preview:large","max-video-preview":"max-video-preview:-1"},"og_locale":"vi_VN","og_type":"article","og_title":"Y\u1ebfn huy\u1ebft \u0111\u1ea3o y\u1ebfn thi\u00ean nhi\u00ean Kh\u00e1nh H\u00f2a h\u1ed9p 100g \u2013 024","og_description":"Y\u1ebfn huy\u1ebft thi\u00ean nhi\u00ean nguy\u00ean t\u1ed5 l\u00e0 t\u1ed5 y\u1ebfn c\u00f3 m\u00e0u \u0111\u1ecf t\u1ef1 nhi\u00ean.","og_url":"https:\/\/yensao100.com\/vi\/product\/yen-huyet-dao-yen-thien-nhien-khanh-hoa-hop-100g-024\/","og_site_name":"Y\u1ebfn S\u00e0o 100 SALE","article_modified_time":"2025-04-28T07:55:53+00:00","og_image":[{"width":460,"height":306,"url":"https:\/\/yensao100.com\/wp-content\/uploads\/2025\/04\/20241126025033024_2.jpg","type":"image\/jpeg"}],"twitter_card":"summary_large_image","twitter_misc":{"Est. reading time":"3 minutes"},"schema":{"@context":"https:\/\/schema.org","@graph":[{"@type":"WebPage","@id":"https:\/\/yensao100.com\/vi\/product\/yen-huyet-dao-yen-thien-nhien-khanh-hoa-hop-100g-024\/","url":"https:\/\/yensao100.com\/vi\/product\/yen-huyet-dao-yen-thien-nhien-khanh-hoa-hop-100g-024\/","name":"Y\u1ebfn huy\u1ebft \u0111\u1ea3o y\u1ebfn thi\u00ean nhi\u00ean Kh\u00e1nh H\u00f2a h\u1ed9p 100g \u2013 024 - Y\u1ebfn S\u00e0o 100 SALE","isPartOf":{"@id":"https:\/\/yensao100.com\/#website"},"primaryImageOfPage":{"@id":"https:\/\/yensao100.com\/vi\/product\/yen-huyet-dao-yen-thien-nhien-khanh-hoa-hop-100g-024\/#primaryimage"},"image":{"@id":"https:\/\/yensao100.com\/vi\/product\/yen-huyet-dao-yen-thien-nhien-khanh-hoa-hop-100g-024\/#primaryimage"},"thumbnailUrl":"https:\/\/yensao100.com\/wp-content\/uploads\/2025\/04\/20241126025033024_2.jpg","datePublished":"2025-04-28T02:24:54+00:00","dateModified":"2025-04-28T07:55:53+00:00","breadcrumb":{"@id":"https:\/\/yensao100.com\/vi\/product\/yen-huyet-dao-yen-thien-nhien-khanh-hoa-hop-100g-024\/#breadcrumb"},"inLanguage":"vi-VN","potentialAction":[{"@type":"ReadAction","target":["https:\/\/yensao100.com\/vi\/product\/yen-huyet-dao-yen-thien-nhien-khanh-hoa-hop-100g-024\/"]}]},{"@type":"ImageObject","inLanguage":"vi-VN","@id":"https:\/\/yensao100.com\/vi\/product\/yen-huyet-dao-yen-thien-nhien-khanh-hoa-hop-100g-024\/#primaryimage","url":"https:\/\/yensao100.com\/wp-content\/uploads\/2025\/04\/20241126025033024_2.jpg","contentUrl":"https:\/\/yensao100.com\/wp-content\/uploads\/2025\/04\/20241126025033024_2.jpg","width":460,"height":306},{"@type":"BreadcrumbList","@id":"https:\/\/yensao100.com\/vi\/product\/yen-huyet-dao-yen-thien-nhien-khanh-hoa-hop-100g-024\/#breadcrumb","itemListElement":[{"@type":"ListItem","position":1,"name":"Home","item":"https:\/\/yensao100.com\/"},{"@type":"ListItem","position":2,"name":"Shop","item":"https:\/\/yensao100.com\/shop\/"},{"@type":"ListItem","position":3,"name":"Y\u1ebfn huy\u1ebft \u0111\u1ea3o y\u1ebfn thi\u00ean nhi\u00ean Kh\u00e1nh H\u00f2a h\u1ed9p 100g \u2013 024"}]},{"@type":"WebSite","@id":"https:\/\/yensao100.com\/#website","url":"https:\/\/yensao100.com\/","name":"Y\u1ebfn S\u00e0o 100","description":"","publisher":{"@id":"https:\/\/yensao100.com\/#organization"},"potentialAction":[{"@type":"SearchAction","target":{"@type":"EntryPoint","urlTemplate":"https:\/\/yensao100.com\/?s={search_term_string}"},"query-input":{"@type":"PropertyValueSpecification","valueRequired":true,"valueName":"search_term_string"}}],"inLanguage":"vi-VN"},{"@type":"Organization","@id":"https:\/\/yensao100.com\/#organization","name":"C\u00d4NG TY TNHH M\u1ed8T TH\u00c0NH VI\u00caN Y\u1ebeN 100","url":"https:\/\/yensao100.com\/","logo":{"@type":"ImageObject","inLanguage":"vi-VN","@id":"https:\/\/yensao100.com\/#\/schema\/logo\/image\/","url":"https:\/\/yensao100.com\/wp-content\/uploads\/2025\/04\/Yen100-logo-cut.png","contentUrl":"https:\/\/yensao100.com\/wp-content\/uploads\/2025\/04\/Yen100-logo-cut.png","width":3059,"height":2229,"caption":"C\u00d4NG TY TNHH M\u1ed8T TH\u00c0NH VI\u00caN Y\u1ebeN 100"},"image":{"@id":"https:\/\/yensao100.com\/#\/schema\/logo\/image\/"}}]}},"_links":{"self":[{"href":"https:\/\/yensao100.com\/vi\/wp-json\/wp\/v2\/product\/4965","targetHints":{"allow":["GET"]}}],"collection":[{"href":"https:\/\/yensao100.com\/vi\/wp-json\/wp\/v2\/product"}],"about":[{"href":"https:\/\/yensao100.com\/vi\/wp-json\/wp\/v2\/types\/product"}],"replies":[{"embeddable":true,"href":"https:\/\/yensao100.com\/vi\/wp-json\/wp\/v2\/comments?post=4965"}],"wp:featuredmedia":[{"embeddable":true,"href":"https:\/\/yensao100.com\/vi\/wp-json\/wp\/v2\/media\/5082"}],"wp:attachment":[{"href":"https:\/\/yensao100.com\/vi\/wp-json\/wp\/v2\/media?parent=4965"}],"wp:term":[{"taxonomy":"product_brand","embeddable":true,"href":"https:\/\/yensao100.com\/vi\/wp-json\/wp\/v2\/product_brand?post=4965"},{"taxonomy":"product_cat","embeddable":true,"href":"https:\/\/yensao100.com\/vi\/wp-json\/wp\/v2\/product_cat?post=4965"},{"taxonomy":"product_tag","embeddable":true,"href":"https:\/\/yensao100.com\/vi\/wp-json\/wp\/v2\/product_tag?post=4965"}],"curies":[{"name":"wp","href":"https:\/\/api.w.org\/{rel}","templated":true}]}}