{"id":4981,"date":"2025-04-28T10:27:13","date_gmt":"2025-04-28T03:27:13","guid":{"rendered":"https:\/\/yensao100.com\/?post_type=product&#038;p=4981"},"modified":"2025-04-28T14:59:48","modified_gmt":"2025-04-28T07:59:48","slug":"yen-sao-dao-yen-thien-nhien-khanh-hoa-hop-100g-tp1","status":"publish","type":"product","link":"https:\/\/yensao100.com\/vi\/product\/yen-sao-dao-yen-thien-nhien-khanh-hoa-hop-100g-tp1\/","title":{"rendered":"Y\u1ebfn s\u00e0o \u0111\u1ea3o y\u1ebfn thi\u00ean nhi\u00ean Kh\u00e1nh H\u00f2a h\u1ed9p 100g &#8211; TP1"},"content":{"rendered":"<p>Y\u1ebfn s\u00e0o \u0111\u1ea3o y\u1ebfn thi\u00ean nhi\u00ean Kh\u00e1nh H\u00f2a (nguy\u00ean t\u1ed5) h\u1ed9p TP1-100g c\u00f2n g\u1ecdi l\u00e0 Y\u1ebfn Quang: l\u00e0 t\u1ed5 y\u1ebfn c\u00f2n nguy\u00ean, c\u00f3 x\u01a1 m\u01b0\u1edbp, kho\u1ea3ng t\u1eeb 15 \u0111\u1ebfn 16 t\u1ed5 y\u1ebfn\/100g. T\u1ed5 y\u1ebfn c\u00f3 m\u00e0u tr\u1eafng theo thu\u1ed9c t\u00ednh t\u1ed5 y\u1ebfn \u0111\u1ea3o thi\u00ean nhi\u00ean.<br \/>\nS\u1ea3n ph\u1ea9m Y\u1ebfn s\u00e0o \u0111\u1ea3o y\u1ebfn thi\u00ean nhi\u00ean Kh\u00e1nh H\u00f2a \u0111\u01b0\u1ee3c s\u01a1 ch\u1ebf, lo\u1ea1i b\u1ecf t\u1ea1p ch\u1ea5t tr\u00ean b\u1ec1 m\u1eb7t v\u00e0 trong t\u1ed5 y\u1ebfn b\u1eb1ng c\u00e1c d\u1ee5ng c\u1ee5 chuy\u00ean d\u00f9ng. Khi s\u1eed d\u1ee5ng, kh\u00e1ch h\u00e0ng ph\u1ea3i l\u00e0m s\u1ea1ch l\u1ea1i tr\u01b0\u1edbc khi \u0111\u01b0a v\u00e0o ch\u1ebf bi\u1ebfn.<br \/>\nY\u1ebfn s\u00e0o l\u00e0 m\u1ed9t trong 8 m\u00f3n \u0103n b\u1ed5 d\u01b0\u1ee1ng. Trong th\u00e0nh ph\u1ea7n Y\u1ebfn s\u00e0o c\u00f3 18 lo\u1ea1i acid amin c\u00f3 h\u00e0m l\u01b0\u1ee3ng cao nh\u01b0: Aspartic acid, Serine, Tyrosine, Phenylalanine, Valine, Arginine, Leucine, \u00a0M\u1ed9t s\u1ed1 lo\u1ea1i acid amin kh\u00f4ng th\u1ec3 thay th\u1ebf c\u00f3 h\u00e0m l\u01b0\u1ee3ng r\u1ea5t cao nh\u01b0 Threonine, Phenylalanine, Leucine, Valine, Isoleucine, Arginine, Methionine. B\u1eb1ng ph\u01b0\u01a1ng ph\u00e1p hu\u1ef3nh quang tia X \u0111\u00e3 ph\u00e1t hi\u1ec7n Y\u1ebfn s\u00e0o c\u00f3 ch\u1ee9a \u0111\u1ebfn 31 lo\u1ea1i nguy\u00ean t\u1ed1 \u0111a, vi l\u01b0\u1ee3ng c\u00f3 \u00edch cho s\u1ee9c kh\u1ecfe con ng\u01b0\u1eddi, \u0111\u00f3 l\u00e0 Mn, Br, Cu, Zn, Cr, Se &#8230; (Theo s\u1ed1 li\u1ec7u nghi\u00ean c\u1ee9u c\u1ee7a Trung t\u00e2m Khoa h\u1ecdc t\u1ef1 nhi\u00ean v\u00e0 C\u00f4ng ngh\u1ec7 Qu\u1ed1c gia).<\/p>\n<p>Y\u1ebfn s\u00e0o\u00a0\u0111\u1ea3o y\u1ebfn\u00a0thi\u00ean nhi\u00ean Kh\u00e1nh H\u00f2a (nguy\u00ean t\u1ed5): L\u00e0 s\u1ea3n ph\u1ea9m \u0111\u00e3 \u0111\u01b0\u1ee3c l\u00e0m s\u1ea1ch b\u1ec1 m\u1eb7t, lo\u1ea1i b\u1ecf t\u1ed1i \u0111a l\u00f4ng chim v\u00e0 t\u1ea1p ch\u1ea5t, khi s\u1eed d\u1ee5ng kh\u00e1ch h\u00e0ng ph\u1ea3i l\u00e0m s\u1ea1ch k\u1ef9 l\u1ea1i tr\u01b0\u1edbc khi \u0111\u01b0a v\u00e0o ch\u1ebf bi\u1ebfn.<\/p>\n<figure class=\"image image-style-align-center\"><img decoding=\"async\" class=\"object-contain my-4\" src=\"https:\/\/yensaokhanhhoa.com.vn\/image\/yen-sao-khanh-hoa\/DuocMuaYenHuyet%281%29.jpg\" alt=\"\u0110\u01b0\u1ee3c m\u00f9a y\u1ebfn huy\u1ebft\" width=\"423\" \/><\/figure>\n<p>Y\u1ebfn s\u00e0o l\u00e0 m\u1ed9t trong 8 m\u00f3n \u0103n b\u1ed5 d\u01b0\u1ee1ng. Trong th\u00e0nh ph\u1ea7n Y\u1ebfn s\u00e0o c\u00f3 18 lo\u1ea1i acid amin c\u00f3 h\u00e0m l\u01b0\u1ee3ng cao nh\u01b0: Aspartic acid, Serine, Tyrosine, Phenylalanine, Valine, Arginine, Leucine, \u00a0M\u1ed9t s\u1ed1 lo\u1ea1i acid amin kh\u00f4ng th\u1ec3 thay th\u1ebf c\u00f3 h\u00e0m l\u01b0\u1ee3ng r\u1ea5t cao nh\u01b0 Threonine, Phenylalanine, Leucine, Valine, Isoleucine, Arginine, Methionine. B\u1eb1ng ph\u01b0\u01a1ng ph\u00e1p hu\u1ef3nh quang tia X \u0111\u00e3 ph\u00e1t hi\u1ec7n Y\u1ebfn s\u00e0o c\u00f3 ch\u1ee9a \u0111\u1ebfn 31 lo\u1ea1i nguy\u00ean t\u1ed1 \u0111a, vi l\u01b0\u1ee3ng c\u00f3 \u00edch cho s\u1ee9c kh\u1ecfe con ng\u01b0\u1eddi, \u0111\u00f3 l\u00e0 Mn, Br, Cu, Zn, Cr, Se &#8230; (Theo s\u1ed1 li\u1ec7u nghi\u00ean c\u1ee9u c\u1ee7a Trung t\u00e2m Khoa h\u1ecdc t\u1ef1 nhi\u00ean v\u00e0 C\u00f4ng ngh\u1ec7 Qu\u1ed1c gia).<\/p>\n<p>&nbsp;<\/p>\n<div><iframe src=\"https:\/\/www.youtube.com\/embed\/SN-40DMAgJo\" frameborder=\"0\" scrolling=\"no\" data-mce-fragment=\"1\"><\/iframe><\/div>\n","protected":false},"excerpt":{"rendered":"<p>Y\u1ebfn s\u00e0o \u0111\u1ea3o y\u1ebfn thi\u00ean nhi\u00ean Kh\u00e1nh H\u00f2a (nguy\u00ean t\u1ed5) h\u1ed9p TP1-100g c\u00f2n g\u1ecdi l\u00e0 Y\u1ebfn Quang: l\u00e0 t\u1ed5 y\u1ebfn c\u00f2n nguy\u00ean, c\u00f3 x\u01a1 m\u01b0\u1edbp, kho\u1ea3ng t\u1eeb 15 \u0111\u1ebfn 16 t\u1ed5 y\u1ebfn\/100g.<\/p>\n","protected":false},"featured_media":5085,"comment_status":"open","ping_status":"closed","template":"","meta":{"_acf_changed":false},"product_brand":[],"product_cat":[83],"product_tag":[],"class_list":{"0":"post-4981","1":"product","2":"type-product","3":"status-publish","4":"has-post-thumbnail","6":"product_cat-yen-sao-nguyen-to","8":"first","9":"instock","10":"shipping-taxable","11":"purchasable","12":"product-type-simple"},"acf":[],"yoast_head":"<!-- This site is optimized with the Yoast SEO Premium plugin v23.0 (Yoast SEO v25.1) - https:\/\/yoast.com\/wordpress\/plugins\/seo\/ -->\n<title>Y\u1ebfn s\u00e0o \u0111\u1ea3o y\u1ebfn thi\u00ean nhi\u00ean Kh\u00e1nh H\u00f2a h\u1ed9p 100g - TP1 - Y\u1ebfn S\u00e0o 100 SALE<\/title>\n<meta name=\"robots\" content=\"noindex, follow, max-snippet:-1, max-image-preview:large, max-video-preview:-1\" \/>\n<meta property=\"og:locale\" content=\"vi_VN\" \/>\n<meta property=\"og:type\" content=\"article\" \/>\n<meta property=\"og:title\" content=\"Y\u1ebfn s\u00e0o \u0111\u1ea3o y\u1ebfn thi\u00ean nhi\u00ean Kh\u00e1nh H\u00f2a h\u1ed9p 100g - TP1\" \/>\n<meta property=\"og:description\" content=\"Y\u1ebfn s\u00e0o \u0111\u1ea3o y\u1ebfn thi\u00ean nhi\u00ean Kh\u00e1nh H\u00f2a (nguy\u00ean t\u1ed5) h\u1ed9p TP1-100g c\u00f2n g\u1ecdi l\u00e0 Y\u1ebfn Quang: l\u00e0 t\u1ed5 y\u1ebfn c\u00f2n nguy\u00ean, c\u00f3 x\u01a1 m\u01b0\u1edbp, kho\u1ea3ng t\u1eeb 15 \u0111\u1ebfn 16 t\u1ed5 y\u1ebfn\/100g.\" \/>\n<meta property=\"og:url\" content=\"https:\/\/yensao100.com\/vi\/product\/yen-sao-dao-yen-thien-nhien-khanh-hoa-hop-100g-tp1\/\" \/>\n<meta property=\"og:site_name\" content=\"Y\u1ebfn S\u00e0o 100 SALE\" \/>\n<meta property=\"article:modified_time\" content=\"2025-04-28T07:59:48+00:00\" \/>\n<meta property=\"og:image\" content=\"https:\/\/yensao100.com\/wp-content\/uploads\/2025\/04\/20241130011136TP1-1.jpg\" \/>\n\t<meta property=\"og:image:width\" content=\"460\" \/>\n\t<meta property=\"og:image:height\" content=\"310\" \/>\n\t<meta property=\"og:image:type\" content=\"image\/jpeg\" \/>\n<meta name=\"twitter:card\" content=\"summary_large_image\" \/>\n<meta name=\"twitter:label1\" content=\"Est. reading time\" \/>\n\t<meta name=\"twitter:data1\" content=\"2 minutes\" \/>\n<script type=\"application\/ld+json\" class=\"yoast-schema-graph\">{\"@context\":\"https:\/\/schema.org\",\"@graph\":[{\"@type\":\"WebPage\",\"@id\":\"https:\/\/yensao100.com\/vi\/product\/yen-sao-dao-yen-thien-nhien-khanh-hoa-hop-100g-tp1\/\",\"url\":\"https:\/\/yensao100.com\/vi\/product\/yen-sao-dao-yen-thien-nhien-khanh-hoa-hop-100g-tp1\/\",\"name\":\"Y\u1ebfn s\u00e0o \u0111\u1ea3o y\u1ebfn thi\u00ean nhi\u00ean Kh\u00e1nh H\u00f2a h\u1ed9p 100g - TP1 - Y\u1ebfn S\u00e0o 100 SALE\",\"isPartOf\":{\"@id\":\"https:\/\/yensao100.com\/#website\"},\"primaryImageOfPage\":{\"@id\":\"https:\/\/yensao100.com\/vi\/product\/yen-sao-dao-yen-thien-nhien-khanh-hoa-hop-100g-tp1\/#primaryimage\"},\"image\":{\"@id\":\"https:\/\/yensao100.com\/vi\/product\/yen-sao-dao-yen-thien-nhien-khanh-hoa-hop-100g-tp1\/#primaryimage\"},\"thumbnailUrl\":\"https:\/\/yensao100.com\/wp-content\/uploads\/2025\/04\/20241130011136TP1-1.jpg\",\"datePublished\":\"2025-04-28T03:27:13+00:00\",\"dateModified\":\"2025-04-28T07:59:48+00:00\",\"breadcrumb\":{\"@id\":\"https:\/\/yensao100.com\/vi\/product\/yen-sao-dao-yen-thien-nhien-khanh-hoa-hop-100g-tp1\/#breadcrumb\"},\"inLanguage\":\"vi-VN\",\"potentialAction\":[{\"@type\":\"ReadAction\",\"target\":[\"https:\/\/yensao100.com\/vi\/product\/yen-sao-dao-yen-thien-nhien-khanh-hoa-hop-100g-tp1\/\"]}]},{\"@type\":\"ImageObject\",\"inLanguage\":\"vi-VN\",\"@id\":\"https:\/\/yensao100.com\/vi\/product\/yen-sao-dao-yen-thien-nhien-khanh-hoa-hop-100g-tp1\/#primaryimage\",\"url\":\"https:\/\/yensao100.com\/wp-content\/uploads\/2025\/04\/20241130011136TP1-1.jpg\",\"contentUrl\":\"https:\/\/yensao100.com\/wp-content\/uploads\/2025\/04\/20241130011136TP1-1.jpg\",\"width\":460,\"height\":310},{\"@type\":\"BreadcrumbList\",\"@id\":\"https:\/\/yensao100.com\/vi\/product\/yen-sao-dao-yen-thien-nhien-khanh-hoa-hop-100g-tp1\/#breadcrumb\",\"itemListElement\":[{\"@type\":\"ListItem\",\"position\":1,\"name\":\"Home\",\"item\":\"https:\/\/yensao100.com\/\"},{\"@type\":\"ListItem\",\"position\":2,\"name\":\"Shop\",\"item\":\"https:\/\/yensao100.com\/shop\/\"},{\"@type\":\"ListItem\",\"position\":3,\"name\":\"Y\u1ebfn s\u00e0o \u0111\u1ea3o y\u1ebfn thi\u00ean nhi\u00ean Kh\u00e1nh H\u00f2a h\u1ed9p 100g &#8211; TP1\"}]},{\"@type\":\"WebSite\",\"@id\":\"https:\/\/yensao100.com\/#website\",\"url\":\"https:\/\/yensao100.com\/\",\"name\":\"Y\u1ebfn S\u00e0o 100\",\"description\":\"\",\"publisher\":{\"@id\":\"https:\/\/yensao100.com\/#organization\"},\"potentialAction\":[{\"@type\":\"SearchAction\",\"target\":{\"@type\":\"EntryPoint\",\"urlTemplate\":\"https:\/\/yensao100.com\/?s={search_term_string}\"},\"query-input\":{\"@type\":\"PropertyValueSpecification\",\"valueRequired\":true,\"valueName\":\"search_term_string\"}}],\"inLanguage\":\"vi-VN\"},{\"@type\":\"Organization\",\"@id\":\"https:\/\/yensao100.com\/#organization\",\"name\":\"C\u00d4NG TY TNHH M\u1ed8T TH\u00c0NH VI\u00caN Y\u1ebeN 100\",\"url\":\"https:\/\/yensao100.com\/\",\"logo\":{\"@type\":\"ImageObject\",\"inLanguage\":\"vi-VN\",\"@id\":\"https:\/\/yensao100.com\/#\/schema\/logo\/image\/\",\"url\":\"https:\/\/yensao100.com\/wp-content\/uploads\/2025\/04\/Yen100-logo-cut.png\",\"contentUrl\":\"https:\/\/yensao100.com\/wp-content\/uploads\/2025\/04\/Yen100-logo-cut.png\",\"width\":3059,\"height\":2229,\"caption\":\"C\u00d4NG TY TNHH M\u1ed8T TH\u00c0NH VI\u00caN Y\u1ebeN 100\"},\"image\":{\"@id\":\"https:\/\/yensao100.com\/#\/schema\/logo\/image\/\"}}]}<\/script>\n<!-- \/ Yoast SEO Premium plugin. -->","yoast_head_json":{"title":"Y\u1ebfn s\u00e0o \u0111\u1ea3o y\u1ebfn thi\u00ean nhi\u00ean Kh\u00e1nh H\u00f2a h\u1ed9p 100g - TP1 - Y\u1ebfn S\u00e0o 100 SALE","robots":{"index":"noindex","follow":"follow","max-snippet":"max-snippet:-1","max-image-preview":"max-image-preview:large","max-video-preview":"max-video-preview:-1"},"og_locale":"vi_VN","og_type":"article","og_title":"Y\u1ebfn s\u00e0o \u0111\u1ea3o y\u1ebfn thi\u00ean nhi\u00ean Kh\u00e1nh H\u00f2a h\u1ed9p 100g - TP1","og_description":"Y\u1ebfn s\u00e0o \u0111\u1ea3o y\u1ebfn thi\u00ean nhi\u00ean Kh\u00e1nh H\u00f2a (nguy\u00ean t\u1ed5) h\u1ed9p TP1-100g c\u00f2n g\u1ecdi l\u00e0 Y\u1ebfn Quang: l\u00e0 t\u1ed5 y\u1ebfn c\u00f2n nguy\u00ean, c\u00f3 x\u01a1 m\u01b0\u1edbp, kho\u1ea3ng t\u1eeb 15 \u0111\u1ebfn 16 t\u1ed5 y\u1ebfn\/100g.","og_url":"https:\/\/yensao100.com\/vi\/product\/yen-sao-dao-yen-thien-nhien-khanh-hoa-hop-100g-tp1\/","og_site_name":"Y\u1ebfn S\u00e0o 100 SALE","article_modified_time":"2025-04-28T07:59:48+00:00","og_image":[{"width":460,"height":310,"url":"https:\/\/yensao100.com\/wp-content\/uploads\/2025\/04\/20241130011136TP1-1.jpg","type":"image\/jpeg"}],"twitter_card":"summary_large_image","twitter_misc":{"Est. reading time":"2 minutes"},"schema":{"@context":"https:\/\/schema.org","@graph":[{"@type":"WebPage","@id":"https:\/\/yensao100.com\/vi\/product\/yen-sao-dao-yen-thien-nhien-khanh-hoa-hop-100g-tp1\/","url":"https:\/\/yensao100.com\/vi\/product\/yen-sao-dao-yen-thien-nhien-khanh-hoa-hop-100g-tp1\/","name":"Y\u1ebfn s\u00e0o \u0111\u1ea3o y\u1ebfn thi\u00ean nhi\u00ean Kh\u00e1nh H\u00f2a h\u1ed9p 100g - TP1 - Y\u1ebfn S\u00e0o 100 SALE","isPartOf":{"@id":"https:\/\/yensao100.com\/#website"},"primaryImageOfPage":{"@id":"https:\/\/yensao100.com\/vi\/product\/yen-sao-dao-yen-thien-nhien-khanh-hoa-hop-100g-tp1\/#primaryimage"},"image":{"@id":"https:\/\/yensao100.com\/vi\/product\/yen-sao-dao-yen-thien-nhien-khanh-hoa-hop-100g-tp1\/#primaryimage"},"thumbnailUrl":"https:\/\/yensao100.com\/wp-content\/uploads\/2025\/04\/20241130011136TP1-1.jpg","datePublished":"2025-04-28T03:27:13+00:00","dateModified":"2025-04-28T07:59:48+00:00","breadcrumb":{"@id":"https:\/\/yensao100.com\/vi\/product\/yen-sao-dao-yen-thien-nhien-khanh-hoa-hop-100g-tp1\/#breadcrumb"},"inLanguage":"vi-VN","potentialAction":[{"@type":"ReadAction","target":["https:\/\/yensao100.com\/vi\/product\/yen-sao-dao-yen-thien-nhien-khanh-hoa-hop-100g-tp1\/"]}]},{"@type":"ImageObject","inLanguage":"vi-VN","@id":"https:\/\/yensao100.com\/vi\/product\/yen-sao-dao-yen-thien-nhien-khanh-hoa-hop-100g-tp1\/#primaryimage","url":"https:\/\/yensao100.com\/wp-content\/uploads\/2025\/04\/20241130011136TP1-1.jpg","contentUrl":"https:\/\/yensao100.com\/wp-content\/uploads\/2025\/04\/20241130011136TP1-1.jpg","width":460,"height":310},{"@type":"BreadcrumbList","@id":"https:\/\/yensao100.com\/vi\/product\/yen-sao-dao-yen-thien-nhien-khanh-hoa-hop-100g-tp1\/#breadcrumb","itemListElement":[{"@type":"ListItem","position":1,"name":"Home","item":"https:\/\/yensao100.com\/"},{"@type":"ListItem","position":2,"name":"Shop","item":"https:\/\/yensao100.com\/shop\/"},{"@type":"ListItem","position":3,"name":"Y\u1ebfn s\u00e0o \u0111\u1ea3o y\u1ebfn thi\u00ean nhi\u00ean Kh\u00e1nh H\u00f2a h\u1ed9p 100g &#8211; TP1"}]},{"@type":"WebSite","@id":"https:\/\/yensao100.com\/#website","url":"https:\/\/yensao100.com\/","name":"Y\u1ebfn S\u00e0o 100","description":"","publisher":{"@id":"https:\/\/yensao100.com\/#organization"},"potentialAction":[{"@type":"SearchAction","target":{"@type":"EntryPoint","urlTemplate":"https:\/\/yensao100.com\/?s={search_term_string}"},"query-input":{"@type":"PropertyValueSpecification","valueRequired":true,"valueName":"search_term_string"}}],"inLanguage":"vi-VN"},{"@type":"Organization","@id":"https:\/\/yensao100.com\/#organization","name":"C\u00d4NG TY TNHH M\u1ed8T TH\u00c0NH VI\u00caN Y\u1ebeN 100","url":"https:\/\/yensao100.com\/","logo":{"@type":"ImageObject","inLanguage":"vi-VN","@id":"https:\/\/yensao100.com\/#\/schema\/logo\/image\/","url":"https:\/\/yensao100.com\/wp-content\/uploads\/2025\/04\/Yen100-logo-cut.png","contentUrl":"https:\/\/yensao100.com\/wp-content\/uploads\/2025\/04\/Yen100-logo-cut.png","width":3059,"height":2229,"caption":"C\u00d4NG TY TNHH M\u1ed8T TH\u00c0NH VI\u00caN Y\u1ebeN 100"},"image":{"@id":"https:\/\/yensao100.com\/#\/schema\/logo\/image\/"}}]}},"_links":{"self":[{"href":"https:\/\/yensao100.com\/vi\/wp-json\/wp\/v2\/product\/4981","targetHints":{"allow":["GET"]}}],"collection":[{"href":"https:\/\/yensao100.com\/vi\/wp-json\/wp\/v2\/product"}],"about":[{"href":"https:\/\/yensao100.com\/vi\/wp-json\/wp\/v2\/types\/product"}],"replies":[{"embeddable":true,"href":"https:\/\/yensao100.com\/vi\/wp-json\/wp\/v2\/comments?post=4981"}],"wp:featuredmedia":[{"embeddable":true,"href":"https:\/\/yensao100.com\/vi\/wp-json\/wp\/v2\/media\/5085"}],"wp:attachment":[{"href":"https:\/\/yensao100.com\/vi\/wp-json\/wp\/v2\/media?parent=4981"}],"wp:term":[{"taxonomy":"product_brand","embeddable":true,"href":"https:\/\/yensao100.com\/vi\/wp-json\/wp\/v2\/product_brand?post=4981"},{"taxonomy":"product_cat","embeddable":true,"href":"https:\/\/yensao100.com\/vi\/wp-json\/wp\/v2\/product_cat?post=4981"},{"taxonomy":"product_tag","embeddable":true,"href":"https:\/\/yensao100.com\/vi\/wp-json\/wp\/v2\/product_tag?post=4981"}],"curies":[{"name":"wp","href":"https:\/\/api.w.org\/{rel}","templated":true}]}}