{"id":5018,"date":"2025-04-28T11:00:17","date_gmt":"2025-04-28T04:00:17","guid":{"rendered":"https:\/\/yensao100.com\/?post_type=product&#038;p=5018"},"modified":"2025-04-28T11:00:19","modified_gmt":"2025-04-28T04:00:19","slug":"yen-sao-dao-yen-thien-nhien-khanh-hoa-hop-100g-tp4","status":"publish","type":"product","link":"https:\/\/yensao100.com\/vi\/product\/yen-sao-dao-yen-thien-nhien-khanh-hoa-hop-100g-tp4\/","title":{"rendered":"Y\u1ebfn s\u00e0o \u0111\u1ea3o y\u1ebfn thi\u00ean nhi\u00ean Kh\u00e1nh H\u00f2a h\u1ed9p 100g \u2013 TP4"},"content":{"rendered":"<div class=\"font-bold uppercase\">Th\u00f4ng tin n\u1ed5i b\u1eadt<\/div>\n<div class=\"content-containing-tables scrollbar wysiwyg prose\">\n<p>Y\u1ebfn s\u00e0o \u0111\u1ea3o y\u1ebfn thi\u00ean nhi\u00ean Kh\u00e1nh H\u00f2a (nguy\u00ean t\u1ed5) h\u1ed9p 100g TP4: L\u00e0 t\u1ed5 y\u1ebfn c\u00f3 m\u00e0u s\u1eafc tr\u1eafng theo thu\u1ed9c t\u00ednh t\u1ed5 y\u1ebfn \u0111\u1ea3o thi\u00ean nhi\u00ean. Y\u1ebfn s\u00e0o \u0111\u1ea3o y\u1ebfn thi\u00ean nhi\u00ean Kh\u00e1nh H\u00f2a h\u1ed9p 100g \u2013 TP4 c\u00f3 kho\u1ea3ng t\u1eeb 21 \u0111\u1ebfn 22 t\u1ed5 y\u1ebfn\/100g.<br \/>\nS\u1ea3n ph\u1ea9m Y\u1ebfn s\u00e0o \u0111\u1ea3o y\u1ebfn thi\u00ean nhi\u00ean Kh\u00e1nh H\u00f2a \u0111\u01b0\u1ee3c s\u01a1 ch\u1ebf, lo\u1ea1i b\u1ecf t\u1ea1p ch\u1ea5t tr\u00ean b\u1ec1 m\u1eb7t v\u00e0 trong t\u1ed5 y\u1ebfn b\u1eb1ng c\u00e1c d\u1ee5ng c\u1ee5 chuy\u00ean d\u00f9ng. Khi s\u1eed d\u1ee5ng, kh\u00e1ch h\u00e0ng ph\u1ea3i l\u00e0m s\u1ea1ch l\u1ea1i tr\u01b0\u1edbc khi \u0111\u01b0a v\u00e0o ch\u1ebf bi\u1ebfn.<br \/>\nY\u1ebfn s\u00e0o l\u00e0 m\u1ed9t trong 8 m\u00f3n \u0103n b\u1ed5 d\u01b0\u1ee1ng. Trong th\u00e0nh ph\u1ea7n Y\u1ebfn s\u00e0o c\u00f3 18 lo\u1ea1i acid amin c\u00f3 h\u00e0m l\u01b0\u1ee3ng cao nh\u01b0: Aspartic acid, Serine, Tyrosine, Phenylalanine, Valine, Arginine, Leucine, \u00a0M\u1ed9t s\u1ed1 lo\u1ea1i acid amin kh\u00f4ng th\u1ec3 thay th\u1ebf c\u00f3 h\u00e0m l\u01b0\u1ee3ng r\u1ea5t cao nh\u01b0 Threonine, Phenylalanine, Leucine, Valine, Isoleucine, Arginine, Methionine. B\u1eb1ng ph\u01b0\u01a1ng ph\u00e1p hu\u1ef3nh quang tia X \u0111\u00e3 ph\u00e1t hi\u1ec7n Y\u1ebfn s\u00e0o c\u00f3 ch\u1ee9a \u0111\u1ebfn 31 lo\u1ea1i nguy\u00ean t\u1ed1 \u0111a, vi l\u01b0\u1ee3ng c\u00f3 \u00edch cho s\u1ee9c kh\u1ecfe con ng\u01b0\u1eddi, \u0111\u00f3 l\u00e0 Mn, Br, Cu, Zn, Cr, Se &#8230; (Theo s\u1ed1 li\u1ec7u nghi\u00ean c\u1ee9u c\u1ee7a Trung t\u00e2m Khoa h\u1ecdc t\u1ef1 nhi\u00ean v\u00e0 C\u00f4ng ngh\u1ec7 Qu\u1ed1c gia).<br \/>\n&#8211; V\u1edbi ti\u00eau ch\u00ed h\u01b0\u1edbng \u0111\u1ebfn s\u1ef1 ti\u1ec7n l\u1ee3i, tinh t\u1ebf v\u00e0 sang tr\u1ecdng, \u0111\u1eb7c bi\u1ec7t l\u00e0 ch\u1ed1ng h\u00e0ng gi\u1ea3 h\u00e0ng nh\u00e1i, Nh\u00e0 m\u00e1y Ch\u1ebf bi\u1ebfn Nguy\u00ean li\u1ec7u Y\u1ebfn s\u00e0o \u0111\u00e3 ti\u1ebfn h\u00e0nh c\u1ea3i ti\u1ebfn m\u1eabu m\u00e3 bao b\u00ec c\u1ee7a c\u00e1c s\u1ea3n ph\u1ea9m Y\u1ebfn s\u00e0o \u0111\u1ea3o y\u1ebfn thi\u00ean nhi\u00ean Kh\u00e1nh H\u00f2a lo\u1ea1i 100g, m\u00e3 s\u1ed1 TP4. Nh\u1eefng thay \u0111\u1ed5i n\u00e0y gi\u00fap ng\u01b0\u1eddi ti\u00eau d\u00f9ng nh\u1eadn di\u1ec7n s\u1ea3n ph\u1ea9m v\u00e0 th\u01b0\u01a1ng hi\u1ec7u Y\u1ebfn s\u00e0o Kh\u00e1nh H\u00f2a:<br \/>\n&#8211; V\u1ecf h\u1ed9p gi\u1ea5y \u0111\u01b0\u1ee3c thay \u0111\u1ed5i t\u1eeb m\u00e0u v\u00e0ng sang m\u00e0u \u0111\u1ecf sang tr\u1ecdng, c\u00f3 h\u1ecda ti\u1ebft v\u00e2n ch\u00ecm t\u1ea1o c\u1ea3m gi\u00e1c tinh t\u1ebf v\u00e0 \u0111\u1eb3ng c\u1ea5p.<br \/>\n&#8211; Bi\u1ec3u t\u01b0\u1ee3ng \u0111\u1ea3o y\u1ebfn v\u00e0 t\u00ean th\u01b0\u01a1ng hi\u1ec7u &#8220;Y\u1ebfn s\u00e0o Kh\u00e1nh H\u00f2a &#8211; Y\u1ebfn \u0111\u1ea3o thi\u00ean nhi\u00ean&#8221; \u0111\u01b0\u1ee3c d\u1eadp n\u1ed5i hi\u1ec7u \u1ee9ng 3D tinh x\u1ea3o, t\u1ea1o \u0111i\u1ec3m nh\u1ea5n th\u1ea9m m\u1ef9 cao.<br \/>\n&#8211; Quy c\u00e1ch \u0111\u00f3ng m\u1edf h\u1ed9p \u0111\u01b0\u1ee3c c\u1ea3i ti\u1ebfn t\u1eeb ki\u1ec3u n\u1eafp r\u1eddi sang n\u1eafp m\u1edf ti\u1ec7n l\u1ee3i v\u1edbi ng\u01b0\u1eddi s\u1eed d\u1ee5ng.<br \/>\n&#8211; S\u1ea3n ph\u1ea9m Y\u1ebfn s\u00e0o Kh\u00e1nh H\u00f2a \u0111\u01b0\u1ee3c n\u00e2ng c\u1ea5p bao b\u00ec nh\u01b0ng v\u1eabn v\u1eb9n nguy\u00ean ch\u1ea5t l\u01b0\u1ee3ng v\u1edbi h\u01b0\u01a1ng v\u1ecb \u0111\u1eb7c tr\u01b0ng v\u00e0 h\u01b0\u1edbng \u0111\u1ebfn b\u1ea3o v\u1ec7 m\u00f4i tr\u01b0\u1eddng.<br \/>\n&#8211; Y\u1ebfn s\u00e0o \u0111\u1ea3o y\u1ebfn thi\u00ean nhi\u00ean Kh\u00e1nh H\u00f2a l\u00e0 s\u1ea3n ph\u1ea9m \u0111\u1ed9c quy\u1ec1n c\u1ee7a C\u00f4ng ty Y\u1ebfn s\u00e0o Kh\u00e1nh H\u00f2a, l\u00e0 d\u00f2ng s\u1ea3n ph\u1ea9m cao c\u1ea5p h\u00e0ng \u0111\u1ea7u \u0111\u01b0\u1ee3c bi\u1ebft \u0111\u1ebfn l\u00e0 ngu\u1ed3n th\u1ef1c ph\u1ea9m b\u1ed5 d\u01b0\u1ee1ng di\u1ec7u k\u1ef3 \u0111\u1ec3 t\u0103ng c\u01b0\u1eddng s\u1ee9c kh\u1ecfe, h\u1ec7 mi\u1ec5n d\u1ecbch cho c\u01a1 th\u1ec3. S\u1ea3n ph\u1ea9m \u0111\u00e3 c\u00f3 m\u1eb7t t\u1ea1i 32 qu\u1ed1c gia v\u00e0 khu v\u1ef1c, \u0111\u00e1p \u1ee9ng c\u00e1c ti\u00eau chu\u1ea9n nh\u1eadp kh\u1ea9u kh\u1eaft khe c\u1ee7a th\u1ecb tr\u01b0\u1eddng qu\u1ed1c t\u1ebf, \u0111\u01b0\u1ee3c kh\u00e1ch h\u00e0ng \u0111\u00e1nh gi\u00e1 c\u00f3 ch\u1ea5t l\u01b0\u1ee3ng h\u00e0ng \u0111\u1ea7u th\u1ebf gi\u1edbi.<br \/>\n&#8211; Y\u1ebfn s\u00e0o Kh\u00e1nh H\u00f2a h\u01b0\u1edbng \u0111\u1ebfn l\u1ee3i \u00edch v\u00ec s\u1ee9c kho\u1ebb c\u1ed9ng \u0111\u1ed3ng, b\u1ea3o v\u1ec7 m\u00f4i tr\u01b0\u1eddng sinh th\u00e1i v\u00e0 ph\u00e1t tri\u1ec3n b\u1ec1n v\u1eefng.<\/p>\n<p>Y\u1ebfn s\u00e0o\u00a0\u0111\u1ea3o y\u1ebfn\u00a0thi\u00ean nhi\u00ean Kh\u00e1nh H\u00f2a (nguy\u00ean t\u1ed5): L\u00e0 s\u1ea3n ph\u1ea9m \u0111\u00e3 \u0111\u01b0\u1ee3c l\u00e0m s\u1ea1ch b\u1ec1 m\u1eb7t, lo\u1ea1i b\u1ecf t\u1ed1i \u0111a l\u00f4ng chim v\u00e0 t\u1ea1p ch\u1ea5t, khi s\u1eed d\u1ee5ng kh\u00e1ch h\u00e0ng ph\u1ea3i l\u00e0m s\u1ea1ch k\u1ef9 l\u1ea1i tr\u01b0\u1edbc khi \u0111\u01b0a v\u00e0o ch\u1ebf bi\u1ebfn.<\/p>\n<figure class=\"image image-style-align-center\"><img decoding=\"async\" class=\"object-contain my-4\" src=\"https:\/\/yensaokhanhhoa.com.vn\/image\/yen-sao-khanh-hoa\/DuocMuaYenHuyet%281%29.jpg\" alt=\"\u0110\u01b0\u1ee3c m\u00f9a y\u1ebfn huy\u1ebft\" width=\"423\" \/><\/figure>\n<p>Y\u1ebfn s\u00e0o l\u00e0 m\u1ed9t trong 8 m\u00f3n \u0103n b\u1ed5 d\u01b0\u1ee1ng. Trong th\u00e0nh ph\u1ea7n Y\u1ebfn s\u00e0o c\u00f3 18 lo\u1ea1i acid amin c\u00f3 h\u00e0m l\u01b0\u1ee3ng cao nh\u01b0: Aspartic acid, Serine, Tyrosine, Phenylalanine, Valine, Arginine, Leucine, \u00a0M\u1ed9t s\u1ed1 lo\u1ea1i acid amin kh\u00f4ng th\u1ec3 thay th\u1ebf c\u00f3 h\u00e0m l\u01b0\u1ee3ng r\u1ea5t cao nh\u01b0 Threonine, Phenylalanine, Leucine, Valine, Isoleucine, Arginine, Methionine. B\u1eb1ng ph\u01b0\u01a1ng ph\u00e1p hu\u1ef3nh quang tia X \u0111\u00e3 ph\u00e1t hi\u1ec7n Y\u1ebfn s\u00e0o c\u00f3 ch\u1ee9a \u0111\u1ebfn 31 lo\u1ea1i nguy\u00ean t\u1ed1 \u0111a, vi l\u01b0\u1ee3ng c\u00f3 \u00edch cho s\u1ee9c kh\u1ecfe con ng\u01b0\u1eddi, \u0111\u00f3 l\u00e0 Mn, Br, Cu, Zn, Cr, Se &#8230; (Theo s\u1ed1 li\u1ec7u nghi\u00ean c\u1ee9u c\u1ee7a Trung t\u00e2m Khoa h\u1ecdc t\u1ef1 nhi\u00ean v\u00e0 C\u00f4ng ngh\u1ec7 Qu\u1ed1c gia).<\/p>\n<p>&nbsp;<\/p>\n<div><iframe src=\"https:\/\/www.youtube.com\/embed\/SN-40DMAgJo\" frameborder=\"0\" scrolling=\"no\" data-mce-fragment=\"1\"><\/iframe><\/div>\n<p>&nbsp;<\/p>\n<\/div>\n","protected":false},"excerpt":{"rendered":"<p>Y\u1ebfn s\u00e0o \u0111\u1ea3o y\u1ebfn thi\u00ean nhi\u00ean Kh\u00e1nh H\u00f2a (nguy\u00ean t\u1ed5) h\u1ed9p 100g TP4: L\u00e0 t\u1ed5 y\u1ebfn c\u00f3 m\u00e0u s\u1eafc tr\u1eafng theo thu\u1ed9c t\u00ednh t\u1ed5 y\u1ebfn \u0111\u1ea3o thi\u00ean nhi\u00ean.<\/p>\n","protected":false},"featured_media":5036,"comment_status":"open","ping_status":"closed","template":"","meta":{"_acf_changed":false},"product_brand":[],"product_cat":[83],"product_tag":[],"class_list":{"0":"post-5018","1":"product","2":"type-product","3":"status-publish","4":"has-post-thumbnail","6":"product_cat-yen-sao-nguyen-to","8":"first","9":"instock","10":"shipping-taxable","11":"purchasable","12":"product-type-simple"},"acf":[],"yoast_head":"<!-- This site is optimized with the Yoast SEO Premium plugin v23.0 (Yoast SEO v25.1) - https:\/\/yoast.com\/wordpress\/plugins\/seo\/ -->\n<title>Y\u1ebfn s\u00e0o \u0111\u1ea3o y\u1ebfn thi\u00ean nhi\u00ean Kh\u00e1nh H\u00f2a h\u1ed9p 100g \u2013 TP4 - Y\u1ebfn S\u00e0o 100 SALE<\/title>\n<meta name=\"robots\" content=\"noindex, follow, max-snippet:-1, max-image-preview:large, max-video-preview:-1\" \/>\n<meta property=\"og:locale\" content=\"vi_VN\" \/>\n<meta property=\"og:type\" content=\"article\" \/>\n<meta property=\"og:title\" content=\"Y\u1ebfn s\u00e0o \u0111\u1ea3o y\u1ebfn thi\u00ean nhi\u00ean Kh\u00e1nh H\u00f2a h\u1ed9p 100g \u2013 TP4\" \/>\n<meta property=\"og:description\" content=\"Y\u1ebfn s\u00e0o \u0111\u1ea3o y\u1ebfn thi\u00ean nhi\u00ean Kh\u00e1nh H\u00f2a (nguy\u00ean t\u1ed5) h\u1ed9p 100g TP4: L\u00e0 t\u1ed5 y\u1ebfn c\u00f3 m\u00e0u s\u1eafc tr\u1eafng theo thu\u1ed9c t\u00ednh t\u1ed5 y\u1ebfn \u0111\u1ea3o thi\u00ean nhi\u00ean.\" \/>\n<meta property=\"og:url\" content=\"https:\/\/yensao100.com\/vi\/product\/yen-sao-dao-yen-thien-nhien-khanh-hoa-hop-100g-tp4\/\" \/>\n<meta property=\"og:site_name\" content=\"Y\u1ebfn S\u00e0o 100 SALE\" \/>\n<meta property=\"article:modified_time\" content=\"2025-04-28T04:00:19+00:00\" \/>\n<meta property=\"og:image\" content=\"https:\/\/yensao100.com\/wp-content\/uploads\/2025\/04\/TP45.jpg\" \/>\n\t<meta property=\"og:image:width\" content=\"800\" \/>\n\t<meta property=\"og:image:height\" content=\"538\" \/>\n\t<meta property=\"og:image:type\" content=\"image\/jpeg\" \/>\n<meta name=\"twitter:card\" content=\"summary_large_image\" \/>\n<meta name=\"twitter:label1\" content=\"Est. reading time\" \/>\n\t<meta name=\"twitter:data1\" content=\"4 minutes\" \/>\n<script type=\"application\/ld+json\" class=\"yoast-schema-graph\">{\"@context\":\"https:\/\/schema.org\",\"@graph\":[{\"@type\":\"WebPage\",\"@id\":\"https:\/\/yensao100.com\/vi\/product\/yen-sao-dao-yen-thien-nhien-khanh-hoa-hop-100g-tp4\/\",\"url\":\"https:\/\/yensao100.com\/vi\/product\/yen-sao-dao-yen-thien-nhien-khanh-hoa-hop-100g-tp4\/\",\"name\":\"Y\u1ebfn s\u00e0o \u0111\u1ea3o y\u1ebfn thi\u00ean nhi\u00ean Kh\u00e1nh H\u00f2a h\u1ed9p 100g \u2013 TP4 - Y\u1ebfn S\u00e0o 100 SALE\",\"isPartOf\":{\"@id\":\"https:\/\/yensao100.com\/#website\"},\"primaryImageOfPage\":{\"@id\":\"https:\/\/yensao100.com\/vi\/product\/yen-sao-dao-yen-thien-nhien-khanh-hoa-hop-100g-tp4\/#primaryimage\"},\"image\":{\"@id\":\"https:\/\/yensao100.com\/vi\/product\/yen-sao-dao-yen-thien-nhien-khanh-hoa-hop-100g-tp4\/#primaryimage\"},\"thumbnailUrl\":\"https:\/\/yensao100.com\/wp-content\/uploads\/2025\/04\/TP45.jpg\",\"datePublished\":\"2025-04-28T04:00:17+00:00\",\"dateModified\":\"2025-04-28T04:00:19+00:00\",\"breadcrumb\":{\"@id\":\"https:\/\/yensao100.com\/vi\/product\/yen-sao-dao-yen-thien-nhien-khanh-hoa-hop-100g-tp4\/#breadcrumb\"},\"inLanguage\":\"vi-VN\",\"potentialAction\":[{\"@type\":\"ReadAction\",\"target\":[\"https:\/\/yensao100.com\/vi\/product\/yen-sao-dao-yen-thien-nhien-khanh-hoa-hop-100g-tp4\/\"]}]},{\"@type\":\"ImageObject\",\"inLanguage\":\"vi-VN\",\"@id\":\"https:\/\/yensao100.com\/vi\/product\/yen-sao-dao-yen-thien-nhien-khanh-hoa-hop-100g-tp4\/#primaryimage\",\"url\":\"https:\/\/yensao100.com\/wp-content\/uploads\/2025\/04\/TP45.jpg\",\"contentUrl\":\"https:\/\/yensao100.com\/wp-content\/uploads\/2025\/04\/TP45.jpg\",\"width\":800,\"height\":538},{\"@type\":\"BreadcrumbList\",\"@id\":\"https:\/\/yensao100.com\/vi\/product\/yen-sao-dao-yen-thien-nhien-khanh-hoa-hop-100g-tp4\/#breadcrumb\",\"itemListElement\":[{\"@type\":\"ListItem\",\"position\":1,\"name\":\"Home\",\"item\":\"https:\/\/yensao100.com\/\"},{\"@type\":\"ListItem\",\"position\":2,\"name\":\"Shop\",\"item\":\"https:\/\/yensao100.com\/shop\/\"},{\"@type\":\"ListItem\",\"position\":3,\"name\":\"Y\u1ebfn s\u00e0o \u0111\u1ea3o y\u1ebfn thi\u00ean nhi\u00ean Kh\u00e1nh H\u00f2a h\u1ed9p 100g \u2013 TP4\"}]},{\"@type\":\"WebSite\",\"@id\":\"https:\/\/yensao100.com\/#website\",\"url\":\"https:\/\/yensao100.com\/\",\"name\":\"Y\u1ebfn S\u00e0o 100\",\"description\":\"\",\"publisher\":{\"@id\":\"https:\/\/yensao100.com\/#organization\"},\"potentialAction\":[{\"@type\":\"SearchAction\",\"target\":{\"@type\":\"EntryPoint\",\"urlTemplate\":\"https:\/\/yensao100.com\/?s={search_term_string}\"},\"query-input\":{\"@type\":\"PropertyValueSpecification\",\"valueRequired\":true,\"valueName\":\"search_term_string\"}}],\"inLanguage\":\"vi-VN\"},{\"@type\":\"Organization\",\"@id\":\"https:\/\/yensao100.com\/#organization\",\"name\":\"C\u00d4NG TY TNHH M\u1ed8T TH\u00c0NH VI\u00caN Y\u1ebeN 100\",\"url\":\"https:\/\/yensao100.com\/\",\"logo\":{\"@type\":\"ImageObject\",\"inLanguage\":\"vi-VN\",\"@id\":\"https:\/\/yensao100.com\/#\/schema\/logo\/image\/\",\"url\":\"https:\/\/yensao100.com\/wp-content\/uploads\/2025\/04\/Yen100-logo-cut.png\",\"contentUrl\":\"https:\/\/yensao100.com\/wp-content\/uploads\/2025\/04\/Yen100-logo-cut.png\",\"width\":3059,\"height\":2229,\"caption\":\"C\u00d4NG TY TNHH M\u1ed8T TH\u00c0NH VI\u00caN Y\u1ebeN 100\"},\"image\":{\"@id\":\"https:\/\/yensao100.com\/#\/schema\/logo\/image\/\"}}]}<\/script>\n<!-- \/ Yoast SEO Premium plugin. -->","yoast_head_json":{"title":"Y\u1ebfn s\u00e0o \u0111\u1ea3o y\u1ebfn thi\u00ean nhi\u00ean Kh\u00e1nh H\u00f2a h\u1ed9p 100g \u2013 TP4 - Y\u1ebfn S\u00e0o 100 SALE","robots":{"index":"noindex","follow":"follow","max-snippet":"max-snippet:-1","max-image-preview":"max-image-preview:large","max-video-preview":"max-video-preview:-1"},"og_locale":"vi_VN","og_type":"article","og_title":"Y\u1ebfn s\u00e0o \u0111\u1ea3o y\u1ebfn thi\u00ean nhi\u00ean Kh\u00e1nh H\u00f2a h\u1ed9p 100g \u2013 TP4","og_description":"Y\u1ebfn s\u00e0o \u0111\u1ea3o y\u1ebfn thi\u00ean nhi\u00ean Kh\u00e1nh H\u00f2a (nguy\u00ean t\u1ed5) h\u1ed9p 100g TP4: L\u00e0 t\u1ed5 y\u1ebfn c\u00f3 m\u00e0u s\u1eafc tr\u1eafng theo thu\u1ed9c t\u00ednh t\u1ed5 y\u1ebfn \u0111\u1ea3o thi\u00ean nhi\u00ean.","og_url":"https:\/\/yensao100.com\/vi\/product\/yen-sao-dao-yen-thien-nhien-khanh-hoa-hop-100g-tp4\/","og_site_name":"Y\u1ebfn S\u00e0o 100 SALE","article_modified_time":"2025-04-28T04:00:19+00:00","og_image":[{"width":800,"height":538,"url":"https:\/\/yensao100.com\/wp-content\/uploads\/2025\/04\/TP45.jpg","type":"image\/jpeg"}],"twitter_card":"summary_large_image","twitter_misc":{"Est. reading time":"4 minutes"},"schema":{"@context":"https:\/\/schema.org","@graph":[{"@type":"WebPage","@id":"https:\/\/yensao100.com\/vi\/product\/yen-sao-dao-yen-thien-nhien-khanh-hoa-hop-100g-tp4\/","url":"https:\/\/yensao100.com\/vi\/product\/yen-sao-dao-yen-thien-nhien-khanh-hoa-hop-100g-tp4\/","name":"Y\u1ebfn s\u00e0o \u0111\u1ea3o y\u1ebfn thi\u00ean nhi\u00ean Kh\u00e1nh H\u00f2a h\u1ed9p 100g \u2013 TP4 - Y\u1ebfn S\u00e0o 100 SALE","isPartOf":{"@id":"https:\/\/yensao100.com\/#website"},"primaryImageOfPage":{"@id":"https:\/\/yensao100.com\/vi\/product\/yen-sao-dao-yen-thien-nhien-khanh-hoa-hop-100g-tp4\/#primaryimage"},"image":{"@id":"https:\/\/yensao100.com\/vi\/product\/yen-sao-dao-yen-thien-nhien-khanh-hoa-hop-100g-tp4\/#primaryimage"},"thumbnailUrl":"https:\/\/yensao100.com\/wp-content\/uploads\/2025\/04\/TP45.jpg","datePublished":"2025-04-28T04:00:17+00:00","dateModified":"2025-04-28T04:00:19+00:00","breadcrumb":{"@id":"https:\/\/yensao100.com\/vi\/product\/yen-sao-dao-yen-thien-nhien-khanh-hoa-hop-100g-tp4\/#breadcrumb"},"inLanguage":"vi-VN","potentialAction":[{"@type":"ReadAction","target":["https:\/\/yensao100.com\/vi\/product\/yen-sao-dao-yen-thien-nhien-khanh-hoa-hop-100g-tp4\/"]}]},{"@type":"ImageObject","inLanguage":"vi-VN","@id":"https:\/\/yensao100.com\/vi\/product\/yen-sao-dao-yen-thien-nhien-khanh-hoa-hop-100g-tp4\/#primaryimage","url":"https:\/\/yensao100.com\/wp-content\/uploads\/2025\/04\/TP45.jpg","contentUrl":"https:\/\/yensao100.com\/wp-content\/uploads\/2025\/04\/TP45.jpg","width":800,"height":538},{"@type":"BreadcrumbList","@id":"https:\/\/yensao100.com\/vi\/product\/yen-sao-dao-yen-thien-nhien-khanh-hoa-hop-100g-tp4\/#breadcrumb","itemListElement":[{"@type":"ListItem","position":1,"name":"Home","item":"https:\/\/yensao100.com\/"},{"@type":"ListItem","position":2,"name":"Shop","item":"https:\/\/yensao100.com\/shop\/"},{"@type":"ListItem","position":3,"name":"Y\u1ebfn s\u00e0o \u0111\u1ea3o y\u1ebfn thi\u00ean nhi\u00ean Kh\u00e1nh H\u00f2a h\u1ed9p 100g \u2013 TP4"}]},{"@type":"WebSite","@id":"https:\/\/yensao100.com\/#website","url":"https:\/\/yensao100.com\/","name":"Y\u1ebfn S\u00e0o 100","description":"","publisher":{"@id":"https:\/\/yensao100.com\/#organization"},"potentialAction":[{"@type":"SearchAction","target":{"@type":"EntryPoint","urlTemplate":"https:\/\/yensao100.com\/?s={search_term_string}"},"query-input":{"@type":"PropertyValueSpecification","valueRequired":true,"valueName":"search_term_string"}}],"inLanguage":"vi-VN"},{"@type":"Organization","@id":"https:\/\/yensao100.com\/#organization","name":"C\u00d4NG TY TNHH M\u1ed8T TH\u00c0NH VI\u00caN Y\u1ebeN 100","url":"https:\/\/yensao100.com\/","logo":{"@type":"ImageObject","inLanguage":"vi-VN","@id":"https:\/\/yensao100.com\/#\/schema\/logo\/image\/","url":"https:\/\/yensao100.com\/wp-content\/uploads\/2025\/04\/Yen100-logo-cut.png","contentUrl":"https:\/\/yensao100.com\/wp-content\/uploads\/2025\/04\/Yen100-logo-cut.png","width":3059,"height":2229,"caption":"C\u00d4NG TY TNHH M\u1ed8T TH\u00c0NH VI\u00caN Y\u1ebeN 100"},"image":{"@id":"https:\/\/yensao100.com\/#\/schema\/logo\/image\/"}}]}},"_links":{"self":[{"href":"https:\/\/yensao100.com\/vi\/wp-json\/wp\/v2\/product\/5018","targetHints":{"allow":["GET"]}}],"collection":[{"href":"https:\/\/yensao100.com\/vi\/wp-json\/wp\/v2\/product"}],"about":[{"href":"https:\/\/yensao100.com\/vi\/wp-json\/wp\/v2\/types\/product"}],"replies":[{"embeddable":true,"href":"https:\/\/yensao100.com\/vi\/wp-json\/wp\/v2\/comments?post=5018"}],"wp:featuredmedia":[{"embeddable":true,"href":"https:\/\/yensao100.com\/vi\/wp-json\/wp\/v2\/media\/5036"}],"wp:attachment":[{"href":"https:\/\/yensao100.com\/vi\/wp-json\/wp\/v2\/media?parent=5018"}],"wp:term":[{"taxonomy":"product_brand","embeddable":true,"href":"https:\/\/yensao100.com\/vi\/wp-json\/wp\/v2\/product_brand?post=5018"},{"taxonomy":"product_cat","embeddable":true,"href":"https:\/\/yensao100.com\/vi\/wp-json\/wp\/v2\/product_cat?post=5018"},{"taxonomy":"product_tag","embeddable":true,"href":"https:\/\/yensao100.com\/vi\/wp-json\/wp\/v2\/product_tag?post=5018"}],"curies":[{"name":"wp","href":"https:\/\/api.w.org\/{rel}","templated":true}]}}