{"id":5102,"date":"2025-04-28T15:17:30","date_gmt":"2025-04-28T08:17:30","guid":{"rendered":"https:\/\/yensao100.com\/?post_type=product&#038;p=5102"},"modified":"2025-04-29T11:26:50","modified_gmt":"2025-04-29T04:26:50","slug":"yen-sao-dao-thien-nhien-tinh-che-mau-hop-qua-tang-gom-5-hop-3g-011g","status":"publish","type":"product","link":"https:\/\/yensao100.com\/vi\/product\/yen-sao-dao-thien-nhien-tinh-che-mau-hop-qua-tang-gom-5-hop-3g-011g\/","title":{"rendered":"Y\u1ebfn s\u00e0o \u0111\u1ea3o thi\u00ean nhi\u00ean tinh ch\u1ebf m\u1eabu h\u1ed9p qu\u00e0 t\u1eb7ng g\u1ed3m 5 h\u1ed9p 3g &#8211; 011G"},"content":{"rendered":"<h2 class=\"font-bold uppercase\">Th\u00f4ng tin n\u1ed5i b\u1eadt<\/h2>\n<div class=\"content-containing-tables scrollbar wysiwyg prose\">\n<p><span lang=\"EN-GB\">M\u00f4 t\u1ea3 s\u1ea3n ph\u1ea9m:\u00a0<\/span>Y\u1ebfn s\u00e0o l\u00e0 m\u1ed9t trong 8 m\u00f3n \u0103n b\u1ed5 d\u01b0\u1ee1ng. Trong th\u00e0nh ph\u1ea7n Y\u1ebfn s\u00e0o c\u00f3 18 lo\u1ea1i acid amin c\u00f3 h\u00e0m l\u01b0\u1ee3ng cao nh\u01b0: Aspartic acid, Serine, Tyrosine, Phenylalanine, Valine, Arginine, Leucine. M\u1ed9t s\u1ed1 lo\u1ea1i acid amin kh\u00f4ng th\u1ec3 thay th\u1ebf c\u00f3 h\u00e0m l\u01b0\u1ee3ng r\u1ea5t cao nh\u01b0 Threonine, Phenylalanine, Leucine, Valine, Isoleucine, Arginine, Methionine. Ngo\u00e0i ra Y\u1ebfn s\u00e0o c\u00f3 ch\u1ee9a \u0111\u1ebfn 31 lo\u1ea1i nguy\u00ean t\u1ed1 \u0111a, vi l\u01b0\u1ee3ng c\u00f3 \u00edch cho s\u1ee9c kh\u1ecfe con ng\u01b0\u1eddi, \u0111\u00f3 l\u00e0 Mn, Br, Cu, Zn, Cr, Se &#8230; (Theo s\u1ed1 li\u1ec7u nghi\u00ean c\u1ee9u c\u1ee7a Trung t\u00e2m Khoa h\u1ecdc t\u1ef1 nhi\u00ean v\u00e0 C\u00f4ng ngh\u1ec7 Qu\u1ed1c gia).<\/p>\n<p><span lang=\"EN-GB\">S\u1ea3n ph\u1ea9m Y\u1ebfn s\u00e0o \u0111\u1ea3o y\u1ebfn thi\u00ean nhi\u00ean tinh ch\u1ebf m\u1eabu h\u1ed9p qu\u00e0 t\u1eb7ng g\u1ed3m 5 h\u1ed9p 3g, m\u00e3 s\u1ea3n ph\u1ea9m 011G, \u0111\u01b0\u1ee3c \u0111\u00f3ng g\u00f3i bao b\u00ec theo ki\u1ec3u d\u00e1ng qu\u00e0 t\u1eb7ng sang tr\u1ecdng, th\u00edch h\u1ee3p l\u00e0m qu\u00e0 bi\u1ebfu t\u1eb7ng.<\/span><\/p>\n<p><span lang=\"EN-GB\">Y\u1ebfn s\u00e0o \u0111\u1ea3o y\u1ebfn thi\u00ean nhi\u00ean tinh ch\u1ebf l\u00e0 s\u1ea3n ph\u1ea9m \u0111\u00e3 \u0111\u01b0\u1ee3c l\u00e0m s\u1ea1ch ho\u00e0n to\u00e0n t\u1eeb Y\u1ebfn \u0111\u1ea3o thi\u00ean nhi\u00ean Kh\u00e1nh H\u00f2a, do C\u00f4ng ty Y\u1ebfn s\u00e0o Kh\u00e1nh Ho\u00e0 tr\u1ef1c ti\u1ebfp qu\u1ea3n l\u00fd, khai th\u00e1c t\u1eeb c\u00e1c \u0111\u1ea3o y\u1ebfn thi\u00ean nhi\u00ean tr\u00ean v\u00f9ng bi\u1ec3n Kh\u00e1nh H\u00f2a. S\u1ea3n ph\u1ea9m kh\u00f4ng s\u1eed d\u1ee5ng h\u00f3a ch\u1ea5t, h\u01b0\u01a1ng li\u1ec7u v\u00e0 ch\u1ea5t b\u1ea3o qu\u1ea3n. V\u00ec v\u1eady s\u1ea3n ph\u1ea9m Y\u1ebfn \u0111\u1ea3o tinh ch\u1ebf c\u1ee7a C\u00f4ng ty lu\u00f4n gi\u1eef \u0111\u01b0\u1ee3c gi\u00e1 tr\u1ecb b\u1ed5 d\u01b0\u1ee1ng v\u1edbi h\u01b0\u01a1ng v\u1ecb \u0111\u1eb7c tr\u01b0ng t\u1ef1 nhi\u00ean c\u1ee7a y\u1ebfn s\u00e0o \u0111\u1ea3o thi\u00ean nhi\u00ean. Khi s\u1eed d\u1ee5ng, kh\u00e1ch h\u00e0ng \u0111\u01b0a ngay v\u00e0o ch\u1ebf bi\u1ebfn, kh\u00f4ng c\u1ea7n ph\u1ea3i l\u00e0m s\u1ea1ch l\u1ea1i.<\/span><\/p>\n<p style=\"text-align: center;\"><iframe title=\"H\u01b0\u1edbng d\u1eabn ch\u1ebf bi\u1ebfn Y\u1ebfn s\u00e0o Kh\u00e1nh Ho\u00e0\" src=\"https:\/\/www.youtube.com\/embed\/SN-40DMAgJo\" width=\"820\" height=\"461\" frameborder=\"0\" allowfullscreen=\"allowfullscreen\"><\/iframe><\/p>\n<\/div>\n","protected":false},"excerpt":{"rendered":"<p>Th\u00f4ng tin n\u1ed5i b\u1eadt M\u00f4 t\u1ea3 s\u1ea3n ph\u1ea9m:\u00a0Y\u1ebfn s\u00e0o l\u00e0 m\u1ed9t trong 8 m\u00f3n \u0103n b\u1ed5 d\u01b0\u1ee1ng. Trong th\u00e0nh ph\u1ea7n Y\u1ebfn s\u00e0o c\u00f3 18 lo\u1ea1i acid amin c\u00f3 h\u00e0m l\u01b0\u1ee3ng cao nh\u01b0: Aspartic acid, Serine, Tyrosine, Phenylalanine, Valine, Arginine, Leucine. M\u1ed9t s\u1ed1 lo\u1ea1i acid amin kh\u00f4ng th\u1ec3 thay th\u1ebf c\u00f3 h\u00e0m l\u01b0\u1ee3ng r\u1ea5t cao nh\u01b0 [&hellip;]<\/p>\n","protected":false},"featured_media":5175,"comment_status":"open","ping_status":"closed","template":"","meta":{"_acf_changed":false},"product_brand":[],"product_cat":[84],"product_tag":[],"class_list":{"0":"post-5102","1":"product","2":"type-product","3":"status-publish","4":"has-post-thumbnail","6":"product_cat-yen-sao-tinh-che","8":"first","9":"instock","10":"shipping-taxable","11":"purchasable","12":"product-type-simple"},"acf":[],"yoast_head":"<!-- This site is optimized with the Yoast SEO Premium plugin v23.0 (Yoast SEO v25.1) - https:\/\/yoast.com\/wordpress\/plugins\/seo\/ -->\n<title>Y\u1ebfn s\u00e0o \u0111\u1ea3o thi\u00ean nhi\u00ean tinh ch\u1ebf m\u1eabu h\u1ed9p qu\u00e0 t\u1eb7ng g\u1ed3m 5 h\u1ed9p 3g - 011G - Y\u1ebfn S\u00e0o 100 SALE<\/title>\n<meta name=\"robots\" content=\"noindex, follow, max-snippet:-1, max-image-preview:large, max-video-preview:-1\" \/>\n<meta property=\"og:locale\" content=\"vi_VN\" \/>\n<meta property=\"og:type\" content=\"article\" \/>\n<meta property=\"og:title\" content=\"Y\u1ebfn s\u00e0o \u0111\u1ea3o thi\u00ean nhi\u00ean tinh ch\u1ebf m\u1eabu h\u1ed9p qu\u00e0 t\u1eb7ng g\u1ed3m 5 h\u1ed9p 3g - 011G\" \/>\n<meta property=\"og:description\" content=\"Th\u00f4ng tin n\u1ed5i b\u1eadt M\u00f4 t\u1ea3 s\u1ea3n ph\u1ea9m:\u00a0Y\u1ebfn s\u00e0o l\u00e0 m\u1ed9t trong 8 m\u00f3n \u0103n b\u1ed5 d\u01b0\u1ee1ng. Trong th\u00e0nh ph\u1ea7n Y\u1ebfn s\u00e0o c\u00f3 18 lo\u1ea1i acid amin c\u00f3 h\u00e0m l\u01b0\u1ee3ng cao nh\u01b0: Aspartic acid, Serine, Tyrosine, Phenylalanine, Valine, Arginine, Leucine. M\u1ed9t s\u1ed1 lo\u1ea1i acid amin kh\u00f4ng th\u1ec3 thay th\u1ebf c\u00f3 h\u00e0m l\u01b0\u1ee3ng r\u1ea5t cao nh\u01b0 [&hellip;]\" \/>\n<meta property=\"og:url\" content=\"https:\/\/yensao100.com\/vi\/product\/yen-sao-dao-thien-nhien-tinh-che-mau-hop-qua-tang-gom-5-hop-3g-011g\/\" \/>\n<meta property=\"og:site_name\" content=\"Y\u1ebfn S\u00e0o 100 SALE\" \/>\n<meta property=\"article:modified_time\" content=\"2025-04-29T04:26:50+00:00\" \/>\n<meta property=\"og:image\" content=\"https:\/\/yensao100.com\/wp-content\/uploads\/2025\/04\/011g_01-1745655809930-1.jpg\" \/>\n\t<meta property=\"og:image:width\" content=\"460\" \/>\n\t<meta property=\"og:image:height\" content=\"460\" \/>\n\t<meta property=\"og:image:type\" content=\"image\/jpeg\" \/>\n<meta name=\"twitter:card\" content=\"summary_large_image\" \/>\n<meta name=\"twitter:label1\" content=\"Est. reading time\" \/>\n\t<meta name=\"twitter:data1\" content=\"2 minutes\" \/>\n<script type=\"application\/ld+json\" class=\"yoast-schema-graph\">{\"@context\":\"https:\/\/schema.org\",\"@graph\":[{\"@type\":\"WebPage\",\"@id\":\"https:\/\/yensao100.com\/vi\/product\/yen-sao-dao-thien-nhien-tinh-che-mau-hop-qua-tang-gom-5-hop-3g-011g\/\",\"url\":\"https:\/\/yensao100.com\/vi\/product\/yen-sao-dao-thien-nhien-tinh-che-mau-hop-qua-tang-gom-5-hop-3g-011g\/\",\"name\":\"Y\u1ebfn s\u00e0o \u0111\u1ea3o thi\u00ean nhi\u00ean tinh ch\u1ebf m\u1eabu h\u1ed9p qu\u00e0 t\u1eb7ng g\u1ed3m 5 h\u1ed9p 3g - 011G - Y\u1ebfn S\u00e0o 100 SALE\",\"isPartOf\":{\"@id\":\"https:\/\/yensao100.com\/#website\"},\"primaryImageOfPage\":{\"@id\":\"https:\/\/yensao100.com\/vi\/product\/yen-sao-dao-thien-nhien-tinh-che-mau-hop-qua-tang-gom-5-hop-3g-011g\/#primaryimage\"},\"image\":{\"@id\":\"https:\/\/yensao100.com\/vi\/product\/yen-sao-dao-thien-nhien-tinh-che-mau-hop-qua-tang-gom-5-hop-3g-011g\/#primaryimage\"},\"thumbnailUrl\":\"https:\/\/yensao100.com\/wp-content\/uploads\/2025\/04\/011g_01-1745655809930-1.jpg\",\"datePublished\":\"2025-04-28T08:17:30+00:00\",\"dateModified\":\"2025-04-29T04:26:50+00:00\",\"breadcrumb\":{\"@id\":\"https:\/\/yensao100.com\/vi\/product\/yen-sao-dao-thien-nhien-tinh-che-mau-hop-qua-tang-gom-5-hop-3g-011g\/#breadcrumb\"},\"inLanguage\":\"vi-VN\",\"potentialAction\":[{\"@type\":\"ReadAction\",\"target\":[\"https:\/\/yensao100.com\/vi\/product\/yen-sao-dao-thien-nhien-tinh-che-mau-hop-qua-tang-gom-5-hop-3g-011g\/\"]}]},{\"@type\":\"ImageObject\",\"inLanguage\":\"vi-VN\",\"@id\":\"https:\/\/yensao100.com\/vi\/product\/yen-sao-dao-thien-nhien-tinh-che-mau-hop-qua-tang-gom-5-hop-3g-011g\/#primaryimage\",\"url\":\"https:\/\/yensao100.com\/wp-content\/uploads\/2025\/04\/011g_01-1745655809930-1.jpg\",\"contentUrl\":\"https:\/\/yensao100.com\/wp-content\/uploads\/2025\/04\/011g_01-1745655809930-1.jpg\",\"width\":460,\"height\":460},{\"@type\":\"BreadcrumbList\",\"@id\":\"https:\/\/yensao100.com\/vi\/product\/yen-sao-dao-thien-nhien-tinh-che-mau-hop-qua-tang-gom-5-hop-3g-011g\/#breadcrumb\",\"itemListElement\":[{\"@type\":\"ListItem\",\"position\":1,\"name\":\"Home\",\"item\":\"https:\/\/yensao100.com\/\"},{\"@type\":\"ListItem\",\"position\":2,\"name\":\"Shop\",\"item\":\"https:\/\/yensao100.com\/shop\/\"},{\"@type\":\"ListItem\",\"position\":3,\"name\":\"Y\u1ebfn s\u00e0o \u0111\u1ea3o thi\u00ean nhi\u00ean tinh ch\u1ebf m\u1eabu h\u1ed9p qu\u00e0 t\u1eb7ng g\u1ed3m 5 h\u1ed9p 3g &#8211; 011G\"}]},{\"@type\":\"WebSite\",\"@id\":\"https:\/\/yensao100.com\/#website\",\"url\":\"https:\/\/yensao100.com\/\",\"name\":\"Y\u1ebfn S\u00e0o 100\",\"description\":\"\",\"publisher\":{\"@id\":\"https:\/\/yensao100.com\/#organization\"},\"potentialAction\":[{\"@type\":\"SearchAction\",\"target\":{\"@type\":\"EntryPoint\",\"urlTemplate\":\"https:\/\/yensao100.com\/?s={search_term_string}\"},\"query-input\":{\"@type\":\"PropertyValueSpecification\",\"valueRequired\":true,\"valueName\":\"search_term_string\"}}],\"inLanguage\":\"vi-VN\"},{\"@type\":\"Organization\",\"@id\":\"https:\/\/yensao100.com\/#organization\",\"name\":\"C\u00d4NG TY TNHH M\u1ed8T TH\u00c0NH VI\u00caN Y\u1ebeN 100\",\"url\":\"https:\/\/yensao100.com\/\",\"logo\":{\"@type\":\"ImageObject\",\"inLanguage\":\"vi-VN\",\"@id\":\"https:\/\/yensao100.com\/#\/schema\/logo\/image\/\",\"url\":\"https:\/\/yensao100.com\/wp-content\/uploads\/2025\/04\/Yen100-logo-cut.png\",\"contentUrl\":\"https:\/\/yensao100.com\/wp-content\/uploads\/2025\/04\/Yen100-logo-cut.png\",\"width\":3059,\"height\":2229,\"caption\":\"C\u00d4NG TY TNHH M\u1ed8T TH\u00c0NH VI\u00caN Y\u1ebeN 100\"},\"image\":{\"@id\":\"https:\/\/yensao100.com\/#\/schema\/logo\/image\/\"}}]}<\/script>\n<!-- \/ Yoast SEO Premium plugin. -->","yoast_head_json":{"title":"Y\u1ebfn s\u00e0o \u0111\u1ea3o thi\u00ean nhi\u00ean tinh ch\u1ebf m\u1eabu h\u1ed9p qu\u00e0 t\u1eb7ng g\u1ed3m 5 h\u1ed9p 3g - 011G - Y\u1ebfn S\u00e0o 100 SALE","robots":{"index":"noindex","follow":"follow","max-snippet":"max-snippet:-1","max-image-preview":"max-image-preview:large","max-video-preview":"max-video-preview:-1"},"og_locale":"vi_VN","og_type":"article","og_title":"Y\u1ebfn s\u00e0o \u0111\u1ea3o thi\u00ean nhi\u00ean tinh ch\u1ebf m\u1eabu h\u1ed9p qu\u00e0 t\u1eb7ng g\u1ed3m 5 h\u1ed9p 3g - 011G","og_description":"Th\u00f4ng tin n\u1ed5i b\u1eadt M\u00f4 t\u1ea3 s\u1ea3n ph\u1ea9m:\u00a0Y\u1ebfn s\u00e0o l\u00e0 m\u1ed9t trong 8 m\u00f3n \u0103n b\u1ed5 d\u01b0\u1ee1ng. Trong th\u00e0nh ph\u1ea7n Y\u1ebfn s\u00e0o c\u00f3 18 lo\u1ea1i acid amin c\u00f3 h\u00e0m l\u01b0\u1ee3ng cao nh\u01b0: Aspartic acid, Serine, Tyrosine, Phenylalanine, Valine, Arginine, Leucine. M\u1ed9t s\u1ed1 lo\u1ea1i acid amin kh\u00f4ng th\u1ec3 thay th\u1ebf c\u00f3 h\u00e0m l\u01b0\u1ee3ng r\u1ea5t cao nh\u01b0 [&hellip;]","og_url":"https:\/\/yensao100.com\/vi\/product\/yen-sao-dao-thien-nhien-tinh-che-mau-hop-qua-tang-gom-5-hop-3g-011g\/","og_site_name":"Y\u1ebfn S\u00e0o 100 SALE","article_modified_time":"2025-04-29T04:26:50+00:00","og_image":[{"width":460,"height":460,"url":"https:\/\/yensao100.com\/wp-content\/uploads\/2025\/04\/011g_01-1745655809930-1.jpg","type":"image\/jpeg"}],"twitter_card":"summary_large_image","twitter_misc":{"Est. reading time":"2 minutes"},"schema":{"@context":"https:\/\/schema.org","@graph":[{"@type":"WebPage","@id":"https:\/\/yensao100.com\/vi\/product\/yen-sao-dao-thien-nhien-tinh-che-mau-hop-qua-tang-gom-5-hop-3g-011g\/","url":"https:\/\/yensao100.com\/vi\/product\/yen-sao-dao-thien-nhien-tinh-che-mau-hop-qua-tang-gom-5-hop-3g-011g\/","name":"Y\u1ebfn s\u00e0o \u0111\u1ea3o thi\u00ean nhi\u00ean tinh ch\u1ebf m\u1eabu h\u1ed9p qu\u00e0 t\u1eb7ng g\u1ed3m 5 h\u1ed9p 3g - 011G - Y\u1ebfn S\u00e0o 100 SALE","isPartOf":{"@id":"https:\/\/yensao100.com\/#website"},"primaryImageOfPage":{"@id":"https:\/\/yensao100.com\/vi\/product\/yen-sao-dao-thien-nhien-tinh-che-mau-hop-qua-tang-gom-5-hop-3g-011g\/#primaryimage"},"image":{"@id":"https:\/\/yensao100.com\/vi\/product\/yen-sao-dao-thien-nhien-tinh-che-mau-hop-qua-tang-gom-5-hop-3g-011g\/#primaryimage"},"thumbnailUrl":"https:\/\/yensao100.com\/wp-content\/uploads\/2025\/04\/011g_01-1745655809930-1.jpg","datePublished":"2025-04-28T08:17:30+00:00","dateModified":"2025-04-29T04:26:50+00:00","breadcrumb":{"@id":"https:\/\/yensao100.com\/vi\/product\/yen-sao-dao-thien-nhien-tinh-che-mau-hop-qua-tang-gom-5-hop-3g-011g\/#breadcrumb"},"inLanguage":"vi-VN","potentialAction":[{"@type":"ReadAction","target":["https:\/\/yensao100.com\/vi\/product\/yen-sao-dao-thien-nhien-tinh-che-mau-hop-qua-tang-gom-5-hop-3g-011g\/"]}]},{"@type":"ImageObject","inLanguage":"vi-VN","@id":"https:\/\/yensao100.com\/vi\/product\/yen-sao-dao-thien-nhien-tinh-che-mau-hop-qua-tang-gom-5-hop-3g-011g\/#primaryimage","url":"https:\/\/yensao100.com\/wp-content\/uploads\/2025\/04\/011g_01-1745655809930-1.jpg","contentUrl":"https:\/\/yensao100.com\/wp-content\/uploads\/2025\/04\/011g_01-1745655809930-1.jpg","width":460,"height":460},{"@type":"BreadcrumbList","@id":"https:\/\/yensao100.com\/vi\/product\/yen-sao-dao-thien-nhien-tinh-che-mau-hop-qua-tang-gom-5-hop-3g-011g\/#breadcrumb","itemListElement":[{"@type":"ListItem","position":1,"name":"Home","item":"https:\/\/yensao100.com\/"},{"@type":"ListItem","position":2,"name":"Shop","item":"https:\/\/yensao100.com\/shop\/"},{"@type":"ListItem","position":3,"name":"Y\u1ebfn s\u00e0o \u0111\u1ea3o thi\u00ean nhi\u00ean tinh ch\u1ebf m\u1eabu h\u1ed9p qu\u00e0 t\u1eb7ng g\u1ed3m 5 h\u1ed9p 3g &#8211; 011G"}]},{"@type":"WebSite","@id":"https:\/\/yensao100.com\/#website","url":"https:\/\/yensao100.com\/","name":"Y\u1ebfn S\u00e0o 100","description":"","publisher":{"@id":"https:\/\/yensao100.com\/#organization"},"potentialAction":[{"@type":"SearchAction","target":{"@type":"EntryPoint","urlTemplate":"https:\/\/yensao100.com\/?s={search_term_string}"},"query-input":{"@type":"PropertyValueSpecification","valueRequired":true,"valueName":"search_term_string"}}],"inLanguage":"vi-VN"},{"@type":"Organization","@id":"https:\/\/yensao100.com\/#organization","name":"C\u00d4NG TY TNHH M\u1ed8T TH\u00c0NH VI\u00caN Y\u1ebeN 100","url":"https:\/\/yensao100.com\/","logo":{"@type":"ImageObject","inLanguage":"vi-VN","@id":"https:\/\/yensao100.com\/#\/schema\/logo\/image\/","url":"https:\/\/yensao100.com\/wp-content\/uploads\/2025\/04\/Yen100-logo-cut.png","contentUrl":"https:\/\/yensao100.com\/wp-content\/uploads\/2025\/04\/Yen100-logo-cut.png","width":3059,"height":2229,"caption":"C\u00d4NG TY TNHH M\u1ed8T TH\u00c0NH VI\u00caN Y\u1ebeN 100"},"image":{"@id":"https:\/\/yensao100.com\/#\/schema\/logo\/image\/"}}]}},"_links":{"self":[{"href":"https:\/\/yensao100.com\/vi\/wp-json\/wp\/v2\/product\/5102","targetHints":{"allow":["GET"]}}],"collection":[{"href":"https:\/\/yensao100.com\/vi\/wp-json\/wp\/v2\/product"}],"about":[{"href":"https:\/\/yensao100.com\/vi\/wp-json\/wp\/v2\/types\/product"}],"replies":[{"embeddable":true,"href":"https:\/\/yensao100.com\/vi\/wp-json\/wp\/v2\/comments?post=5102"}],"wp:featuredmedia":[{"embeddable":true,"href":"https:\/\/yensao100.com\/vi\/wp-json\/wp\/v2\/media\/5175"}],"wp:attachment":[{"href":"https:\/\/yensao100.com\/vi\/wp-json\/wp\/v2\/media?parent=5102"}],"wp:term":[{"taxonomy":"product_brand","embeddable":true,"href":"https:\/\/yensao100.com\/vi\/wp-json\/wp\/v2\/product_brand?post=5102"},{"taxonomy":"product_cat","embeddable":true,"href":"https:\/\/yensao100.com\/vi\/wp-json\/wp\/v2\/product_cat?post=5102"},{"taxonomy":"product_tag","embeddable":true,"href":"https:\/\/yensao100.com\/vi\/wp-json\/wp\/v2\/product_tag?post=5102"}],"curies":[{"name":"wp","href":"https:\/\/api.w.org\/{rel}","templated":true}]}}