{"id":5191,"date":"2025-04-29T13:13:40","date_gmt":"2025-04-29T06:13:40","guid":{"rendered":"https:\/\/yensao100.com\/?post_type=product&#038;p=5191"},"modified":"2025-05-05T13:30:36","modified_gmt":"2025-05-05T06:30:36","slug":"tinh-chat-yen-sao-thien-nhien-khanh-hoa-hop-20-goi-san-pham-5-gram-028","status":"publish","type":"product","link":"https:\/\/yensao100.com\/vi\/product\/tinh-chat-yen-sao-thien-nhien-khanh-hoa-hop-20-goi-san-pham-5-gram-028\/","title":{"rendered":"Tinh ch\u1ea5t Y\u1ebfn s\u00e0o thi\u00ean nhi\u00ean Kh\u00e1nh H\u00f2a h\u1ed9p 20 g\u00f3i s\u1ea3n ph\u1ea9m 5 gram &#8211; 028"},"content":{"rendered":"<h2 class=\"font-bold uppercase\">Th\u00f4ng tin n\u1ed5i b\u1eadt<\/h2>\n<p>S\u1ea3n ph\u1ea9m Tinh ch\u1ea5t Y\u1ebfn s\u00e0o thi\u00ean nhi\u00ean Kh\u00e1nh H\u00f2a l\u00e0 s\u1ef1 k\u1ebft h\u1ee3p c\u1ee7a nh\u1eefng nguy\u00ean li\u1ec7u b\u1ed5 d\u01b0\u1ee1ng c\u00f3 ngu\u1ed3n g\u1ed1c t\u1eeb thi\u00ean nhi\u00ean v\u00e0 c\u00e1c ho\u1ea1t ch\u1ea5t c\u00f3 l\u1ee3i cho s\u1ee9c kh\u1ecfe nh\u01b0: taurine, inositol nh\u1eb1m gi\u00fap t\u0103ng c\u01b0\u1eddng qu\u00e1 tr\u00ecnh h\u1ea5p thu v\u00e0 chuy\u1ec3n h\u00f3a nhanh c\u00e1c d\u01b0\u1ee1ng ch\u1ea5t c\u1ee7a y\u1ebfn s\u00e0o trong c\u01a1 th\u1ec3, t\u1ea1o n\u00ean n\u00e9t \u0111\u1eb7c tr\u01b0ng cho s\u1ea3n ph\u1ea9m Tinh ch\u1ea5t y\u1ebfn s\u00e0o thi\u00ean nhi\u00ean Kh\u00e1nh H\u00f2a, ph\u00f9 h\u1ee3p v\u1edbi m\u1ecdi \u0111\u1ed1i t\u01b0\u1ee3ng s\u1eed d\u1ee5ng.<br \/>\nS\u1ea3n ph\u1ea9m kh\u00f4ng s\u1eed d\u1ee5ng h\u00f3a ch\u1ea5t, c\u00f3 nguy\u00ean li\u1ec7u t\u1ef1 nhi\u00ean v\u00e0 kh\u00f4ng ch\u1ea5t b\u1ea3o qu\u1ea3n, gi\u1eef \u0111\u01b0\u1ee3c gi\u00e1 tr\u1ecb b\u1ed5 d\u01b0\u1ee1ng, h\u01b0\u01a1ng v\u1ecb \u0111\u1eb7c tr\u01b0ng c\u1ee7a Y\u1ebfn s\u00e0o thi\u00ean nhi\u00ean.<\/p>\n<p>&nbsp;<\/p>\n<div class=\"content-containing-tables scrollbar wysiwyg prose\">\n<p style=\"text-align: center;\"><iframe title=\"H\u01b0\u1edbng d\u1eabn ch\u1ebf bi\u1ebfn Y\u1ebfn s\u00e0o Kh\u00e1nh Ho\u00e0\" src=\"https:\/\/www.youtube.com\/embed\/SN-40DMAgJo\" width=\"820\" height=\"461\" frameborder=\"0\" allowfullscreen=\"allowfullscreen\"><\/iframe><\/p>\n<\/div>\n","protected":false},"excerpt":{"rendered":"<p>S\u1ea3n ph\u1ea9m Tinh ch\u1ea5t Y\u1ebfn s\u00e0o thi\u00ean nhi\u00ean Kh\u00e1nh H\u00f2a l\u00e0 s\u1ef1 k\u1ebft h\u1ee3p c\u1ee7a nh\u1eefng nguy\u00ean li\u1ec7u b\u1ed5 d\u01b0\u1ee1ng c\u00f3 ngu\u1ed3n g\u1ed1c t\u1eeb thi\u00ean nhi\u00ean v\u00e0 c\u00e1c ho\u1ea1t ch\u1ea5t c\u00f3 l\u1ee3i cho s\u1ee9c kh\u1ecfe nh\u01b0: taurine, inositol nh\u1eb1m gi\u00fap t\u0103ng c\u01b0\u1eddng qu\u00e1 tr\u00ecnh h\u1ea5p thu v\u00e0 chuy\u1ec3n h\u00f3a nhanh c\u00e1c d\u01b0\u1ee1ng ch\u1ea5t c\u1ee7a y\u1ebfn s\u00e0o trong c\u01a1 th\u1ec3, t\u1ea1o n\u00ean n\u00e9t \u0111\u1eb7c tr\u01b0ng cho s\u1ea3n ph\u1ea9m Tinh ch\u1ea5t y\u1ebfn s\u00e0o thi\u00ean nhi\u00ean Kh\u00e1nh H\u00f2a, ph\u00f9 h\u1ee3p v\u1edbi m\u1ecdi \u0111\u1ed1i t\u01b0\u1ee3ng s\u1eed d\u1ee5ng.<\/p>\n","protected":false},"featured_media":5229,"comment_status":"open","ping_status":"closed","template":"","meta":{"_acf_changed":false},"product_brand":[],"product_cat":[81],"product_tag":[],"class_list":{"0":"post-5191","1":"product","2":"type-product","3":"status-publish","4":"has-post-thumbnail","6":"product_cat-yen-sao-tinh-chat","8":"first","9":"instock","10":"shipping-taxable","11":"purchasable","12":"product-type-simple"},"acf":[],"yoast_head":"<!-- This site is optimized with the Yoast SEO Premium plugin v23.0 (Yoast SEO v25.1) - https:\/\/yoast.com\/wordpress\/plugins\/seo\/ -->\n<title>Tinh ch\u1ea5t Y\u1ebfn s\u00e0o thi\u00ean nhi\u00ean Kh\u00e1nh H\u00f2a h\u1ed9p 20 g\u00f3i s\u1ea3n ph\u1ea9m 5 gram - 028 - Y\u1ebfn S\u00e0o 100 SALE<\/title>\n<meta name=\"robots\" content=\"noindex, follow, max-snippet:-1, max-image-preview:large, max-video-preview:-1\" \/>\n<meta property=\"og:locale\" content=\"vi_VN\" \/>\n<meta property=\"og:type\" content=\"article\" \/>\n<meta property=\"og:title\" content=\"Tinh ch\u1ea5t Y\u1ebfn s\u00e0o thi\u00ean nhi\u00ean Kh\u00e1nh H\u00f2a h\u1ed9p 20 g\u00f3i s\u1ea3n ph\u1ea9m 5 gram - 028\" \/>\n<meta property=\"og:description\" content=\"S\u1ea3n ph\u1ea9m Tinh ch\u1ea5t Y\u1ebfn s\u00e0o thi\u00ean nhi\u00ean Kh\u00e1nh H\u00f2a l\u00e0 s\u1ef1 k\u1ebft h\u1ee3p c\u1ee7a nh\u1eefng nguy\u00ean li\u1ec7u b\u1ed5 d\u01b0\u1ee1ng c\u00f3 ngu\u1ed3n g\u1ed1c t\u1eeb thi\u00ean nhi\u00ean v\u00e0 c\u00e1c ho\u1ea1t ch\u1ea5t c\u00f3 l\u1ee3i cho s\u1ee9c kh\u1ecfe nh\u01b0: taurine, inositol nh\u1eb1m gi\u00fap t\u0103ng c\u01b0\u1eddng qu\u00e1 tr\u00ecnh h\u1ea5p thu v\u00e0 chuy\u1ec3n h\u00f3a nhanh c\u00e1c d\u01b0\u1ee1ng ch\u1ea5t c\u1ee7a y\u1ebfn s\u00e0o trong c\u01a1 th\u1ec3, t\u1ea1o n\u00ean n\u00e9t \u0111\u1eb7c tr\u01b0ng cho s\u1ea3n ph\u1ea9m Tinh ch\u1ea5t y\u1ebfn s\u00e0o thi\u00ean nhi\u00ean Kh\u00e1nh H\u00f2a, ph\u00f9 h\u1ee3p v\u1edbi m\u1ecdi \u0111\u1ed1i t\u01b0\u1ee3ng s\u1eed d\u1ee5ng.\" \/>\n<meta property=\"og:url\" content=\"https:\/\/yensao100.com\/vi\/product\/tinh-chat-yen-sao-thien-nhien-khanh-hoa-hop-20-goi-san-pham-5-gram-028\/\" \/>\n<meta property=\"og:site_name\" content=\"Y\u1ebfn S\u00e0o 100 SALE\" \/>\n<meta property=\"article:modified_time\" content=\"2025-05-05T06:30:36+00:00\" \/>\n<meta property=\"og:image\" content=\"https:\/\/yensao100.com\/wp-content\/uploads\/2025\/04\/028_01.png\" \/>\n\t<meta property=\"og:image:width\" content=\"460\" \/>\n\t<meta property=\"og:image:height\" content=\"306\" \/>\n\t<meta property=\"og:image:type\" content=\"image\/png\" \/>\n<meta name=\"twitter:card\" content=\"summary_large_image\" \/>\n<meta name=\"twitter:label1\" content=\"Est. reading time\" \/>\n\t<meta name=\"twitter:data1\" content=\"1 minute\" \/>\n<script type=\"application\/ld+json\" class=\"yoast-schema-graph\">{\"@context\":\"https:\/\/schema.org\",\"@graph\":[{\"@type\":\"WebPage\",\"@id\":\"https:\/\/yensao100.com\/vi\/product\/tinh-chat-yen-sao-thien-nhien-khanh-hoa-hop-20-goi-san-pham-5-gram-028\/\",\"url\":\"https:\/\/yensao100.com\/vi\/product\/tinh-chat-yen-sao-thien-nhien-khanh-hoa-hop-20-goi-san-pham-5-gram-028\/\",\"name\":\"Tinh ch\u1ea5t Y\u1ebfn s\u00e0o thi\u00ean nhi\u00ean Kh\u00e1nh H\u00f2a h\u1ed9p 20 g\u00f3i s\u1ea3n ph\u1ea9m 5 gram - 028 - Y\u1ebfn S\u00e0o 100 SALE\",\"isPartOf\":{\"@id\":\"https:\/\/yensao100.com\/#website\"},\"primaryImageOfPage\":{\"@id\":\"https:\/\/yensao100.com\/vi\/product\/tinh-chat-yen-sao-thien-nhien-khanh-hoa-hop-20-goi-san-pham-5-gram-028\/#primaryimage\"},\"image\":{\"@id\":\"https:\/\/yensao100.com\/vi\/product\/tinh-chat-yen-sao-thien-nhien-khanh-hoa-hop-20-goi-san-pham-5-gram-028\/#primaryimage\"},\"thumbnailUrl\":\"https:\/\/yensao100.com\/wp-content\/uploads\/2025\/04\/028_01.png\",\"datePublished\":\"2025-04-29T06:13:40+00:00\",\"dateModified\":\"2025-05-05T06:30:36+00:00\",\"breadcrumb\":{\"@id\":\"https:\/\/yensao100.com\/vi\/product\/tinh-chat-yen-sao-thien-nhien-khanh-hoa-hop-20-goi-san-pham-5-gram-028\/#breadcrumb\"},\"inLanguage\":\"vi-VN\",\"potentialAction\":[{\"@type\":\"ReadAction\",\"target\":[\"https:\/\/yensao100.com\/vi\/product\/tinh-chat-yen-sao-thien-nhien-khanh-hoa-hop-20-goi-san-pham-5-gram-028\/\"]}]},{\"@type\":\"ImageObject\",\"inLanguage\":\"vi-VN\",\"@id\":\"https:\/\/yensao100.com\/vi\/product\/tinh-chat-yen-sao-thien-nhien-khanh-hoa-hop-20-goi-san-pham-5-gram-028\/#primaryimage\",\"url\":\"https:\/\/yensao100.com\/wp-content\/uploads\/2025\/04\/028_01.png\",\"contentUrl\":\"https:\/\/yensao100.com\/wp-content\/uploads\/2025\/04\/028_01.png\",\"width\":460,\"height\":306},{\"@type\":\"BreadcrumbList\",\"@id\":\"https:\/\/yensao100.com\/vi\/product\/tinh-chat-yen-sao-thien-nhien-khanh-hoa-hop-20-goi-san-pham-5-gram-028\/#breadcrumb\",\"itemListElement\":[{\"@type\":\"ListItem\",\"position\":1,\"name\":\"Home\",\"item\":\"https:\/\/yensao100.com\/\"},{\"@type\":\"ListItem\",\"position\":2,\"name\":\"Shop\",\"item\":\"https:\/\/yensao100.com\/shop\/\"},{\"@type\":\"ListItem\",\"position\":3,\"name\":\"Tinh ch\u1ea5t Y\u1ebfn s\u00e0o thi\u00ean nhi\u00ean Kh\u00e1nh H\u00f2a h\u1ed9p 20 g\u00f3i s\u1ea3n ph\u1ea9m 5 gram &#8211; 028\"}]},{\"@type\":\"WebSite\",\"@id\":\"https:\/\/yensao100.com\/#website\",\"url\":\"https:\/\/yensao100.com\/\",\"name\":\"Y\u1ebfn S\u00e0o 100\",\"description\":\"\",\"publisher\":{\"@id\":\"https:\/\/yensao100.com\/#organization\"},\"potentialAction\":[{\"@type\":\"SearchAction\",\"target\":{\"@type\":\"EntryPoint\",\"urlTemplate\":\"https:\/\/yensao100.com\/?s={search_term_string}\"},\"query-input\":{\"@type\":\"PropertyValueSpecification\",\"valueRequired\":true,\"valueName\":\"search_term_string\"}}],\"inLanguage\":\"vi-VN\"},{\"@type\":\"Organization\",\"@id\":\"https:\/\/yensao100.com\/#organization\",\"name\":\"C\u00d4NG TY TNHH M\u1ed8T TH\u00c0NH VI\u00caN Y\u1ebeN 100\",\"url\":\"https:\/\/yensao100.com\/\",\"logo\":{\"@type\":\"ImageObject\",\"inLanguage\":\"vi-VN\",\"@id\":\"https:\/\/yensao100.com\/#\/schema\/logo\/image\/\",\"url\":\"https:\/\/yensao100.com\/wp-content\/uploads\/2025\/04\/Yen100-logo-cut.png\",\"contentUrl\":\"https:\/\/yensao100.com\/wp-content\/uploads\/2025\/04\/Yen100-logo-cut.png\",\"width\":3059,\"height\":2229,\"caption\":\"C\u00d4NG TY TNHH M\u1ed8T TH\u00c0NH VI\u00caN Y\u1ebeN 100\"},\"image\":{\"@id\":\"https:\/\/yensao100.com\/#\/schema\/logo\/image\/\"}}]}<\/script>\n<!-- \/ Yoast SEO Premium plugin. -->","yoast_head_json":{"title":"Tinh ch\u1ea5t Y\u1ebfn s\u00e0o thi\u00ean nhi\u00ean Kh\u00e1nh H\u00f2a h\u1ed9p 20 g\u00f3i s\u1ea3n ph\u1ea9m 5 gram - 028 - Y\u1ebfn S\u00e0o 100 SALE","robots":{"index":"noindex","follow":"follow","max-snippet":"max-snippet:-1","max-image-preview":"max-image-preview:large","max-video-preview":"max-video-preview:-1"},"og_locale":"vi_VN","og_type":"article","og_title":"Tinh ch\u1ea5t Y\u1ebfn s\u00e0o thi\u00ean nhi\u00ean Kh\u00e1nh H\u00f2a h\u1ed9p 20 g\u00f3i s\u1ea3n ph\u1ea9m 5 gram - 028","og_description":"S\u1ea3n ph\u1ea9m Tinh ch\u1ea5t Y\u1ebfn s\u00e0o thi\u00ean nhi\u00ean Kh\u00e1nh H\u00f2a l\u00e0 s\u1ef1 k\u1ebft h\u1ee3p c\u1ee7a nh\u1eefng nguy\u00ean li\u1ec7u b\u1ed5 d\u01b0\u1ee1ng c\u00f3 ngu\u1ed3n g\u1ed1c t\u1eeb thi\u00ean nhi\u00ean v\u00e0 c\u00e1c ho\u1ea1t ch\u1ea5t c\u00f3 l\u1ee3i cho s\u1ee9c kh\u1ecfe nh\u01b0: taurine, inositol nh\u1eb1m gi\u00fap t\u0103ng c\u01b0\u1eddng qu\u00e1 tr\u00ecnh h\u1ea5p thu v\u00e0 chuy\u1ec3n h\u00f3a nhanh c\u00e1c d\u01b0\u1ee1ng ch\u1ea5t c\u1ee7a y\u1ebfn s\u00e0o trong c\u01a1 th\u1ec3, t\u1ea1o n\u00ean n\u00e9t \u0111\u1eb7c tr\u01b0ng cho s\u1ea3n ph\u1ea9m Tinh ch\u1ea5t y\u1ebfn s\u00e0o thi\u00ean nhi\u00ean Kh\u00e1nh H\u00f2a, ph\u00f9 h\u1ee3p v\u1edbi m\u1ecdi \u0111\u1ed1i t\u01b0\u1ee3ng s\u1eed d\u1ee5ng.","og_url":"https:\/\/yensao100.com\/vi\/product\/tinh-chat-yen-sao-thien-nhien-khanh-hoa-hop-20-goi-san-pham-5-gram-028\/","og_site_name":"Y\u1ebfn S\u00e0o 100 SALE","article_modified_time":"2025-05-05T06:30:36+00:00","og_image":[{"width":460,"height":306,"url":"https:\/\/yensao100.com\/wp-content\/uploads\/2025\/04\/028_01.png","type":"image\/png"}],"twitter_card":"summary_large_image","twitter_misc":{"Est. reading time":"1 minute"},"schema":{"@context":"https:\/\/schema.org","@graph":[{"@type":"WebPage","@id":"https:\/\/yensao100.com\/vi\/product\/tinh-chat-yen-sao-thien-nhien-khanh-hoa-hop-20-goi-san-pham-5-gram-028\/","url":"https:\/\/yensao100.com\/vi\/product\/tinh-chat-yen-sao-thien-nhien-khanh-hoa-hop-20-goi-san-pham-5-gram-028\/","name":"Tinh ch\u1ea5t Y\u1ebfn s\u00e0o thi\u00ean nhi\u00ean Kh\u00e1nh H\u00f2a h\u1ed9p 20 g\u00f3i s\u1ea3n ph\u1ea9m 5 gram - 028 - Y\u1ebfn S\u00e0o 100 SALE","isPartOf":{"@id":"https:\/\/yensao100.com\/#website"},"primaryImageOfPage":{"@id":"https:\/\/yensao100.com\/vi\/product\/tinh-chat-yen-sao-thien-nhien-khanh-hoa-hop-20-goi-san-pham-5-gram-028\/#primaryimage"},"image":{"@id":"https:\/\/yensao100.com\/vi\/product\/tinh-chat-yen-sao-thien-nhien-khanh-hoa-hop-20-goi-san-pham-5-gram-028\/#primaryimage"},"thumbnailUrl":"https:\/\/yensao100.com\/wp-content\/uploads\/2025\/04\/028_01.png","datePublished":"2025-04-29T06:13:40+00:00","dateModified":"2025-05-05T06:30:36+00:00","breadcrumb":{"@id":"https:\/\/yensao100.com\/vi\/product\/tinh-chat-yen-sao-thien-nhien-khanh-hoa-hop-20-goi-san-pham-5-gram-028\/#breadcrumb"},"inLanguage":"vi-VN","potentialAction":[{"@type":"ReadAction","target":["https:\/\/yensao100.com\/vi\/product\/tinh-chat-yen-sao-thien-nhien-khanh-hoa-hop-20-goi-san-pham-5-gram-028\/"]}]},{"@type":"ImageObject","inLanguage":"vi-VN","@id":"https:\/\/yensao100.com\/vi\/product\/tinh-chat-yen-sao-thien-nhien-khanh-hoa-hop-20-goi-san-pham-5-gram-028\/#primaryimage","url":"https:\/\/yensao100.com\/wp-content\/uploads\/2025\/04\/028_01.png","contentUrl":"https:\/\/yensao100.com\/wp-content\/uploads\/2025\/04\/028_01.png","width":460,"height":306},{"@type":"BreadcrumbList","@id":"https:\/\/yensao100.com\/vi\/product\/tinh-chat-yen-sao-thien-nhien-khanh-hoa-hop-20-goi-san-pham-5-gram-028\/#breadcrumb","itemListElement":[{"@type":"ListItem","position":1,"name":"Home","item":"https:\/\/yensao100.com\/"},{"@type":"ListItem","position":2,"name":"Shop","item":"https:\/\/yensao100.com\/shop\/"},{"@type":"ListItem","position":3,"name":"Tinh ch\u1ea5t Y\u1ebfn s\u00e0o thi\u00ean nhi\u00ean Kh\u00e1nh H\u00f2a h\u1ed9p 20 g\u00f3i s\u1ea3n ph\u1ea9m 5 gram &#8211; 028"}]},{"@type":"WebSite","@id":"https:\/\/yensao100.com\/#website","url":"https:\/\/yensao100.com\/","name":"Y\u1ebfn S\u00e0o 100","description":"","publisher":{"@id":"https:\/\/yensao100.com\/#organization"},"potentialAction":[{"@type":"SearchAction","target":{"@type":"EntryPoint","urlTemplate":"https:\/\/yensao100.com\/?s={search_term_string}"},"query-input":{"@type":"PropertyValueSpecification","valueRequired":true,"valueName":"search_term_string"}}],"inLanguage":"vi-VN"},{"@type":"Organization","@id":"https:\/\/yensao100.com\/#organization","name":"C\u00d4NG TY TNHH M\u1ed8T TH\u00c0NH VI\u00caN Y\u1ebeN 100","url":"https:\/\/yensao100.com\/","logo":{"@type":"ImageObject","inLanguage":"vi-VN","@id":"https:\/\/yensao100.com\/#\/schema\/logo\/image\/","url":"https:\/\/yensao100.com\/wp-content\/uploads\/2025\/04\/Yen100-logo-cut.png","contentUrl":"https:\/\/yensao100.com\/wp-content\/uploads\/2025\/04\/Yen100-logo-cut.png","width":3059,"height":2229,"caption":"C\u00d4NG TY TNHH M\u1ed8T TH\u00c0NH VI\u00caN Y\u1ebeN 100"},"image":{"@id":"https:\/\/yensao100.com\/#\/schema\/logo\/image\/"}}]}},"_links":{"self":[{"href":"https:\/\/yensao100.com\/vi\/wp-json\/wp\/v2\/product\/5191","targetHints":{"allow":["GET"]}}],"collection":[{"href":"https:\/\/yensao100.com\/vi\/wp-json\/wp\/v2\/product"}],"about":[{"href":"https:\/\/yensao100.com\/vi\/wp-json\/wp\/v2\/types\/product"}],"replies":[{"embeddable":true,"href":"https:\/\/yensao100.com\/vi\/wp-json\/wp\/v2\/comments?post=5191"}],"wp:featuredmedia":[{"embeddable":true,"href":"https:\/\/yensao100.com\/vi\/wp-json\/wp\/v2\/media\/5229"}],"wp:attachment":[{"href":"https:\/\/yensao100.com\/vi\/wp-json\/wp\/v2\/media?parent=5191"}],"wp:term":[{"taxonomy":"product_brand","embeddable":true,"href":"https:\/\/yensao100.com\/vi\/wp-json\/wp\/v2\/product_brand?post=5191"},{"taxonomy":"product_cat","embeddable":true,"href":"https:\/\/yensao100.com\/vi\/wp-json\/wp\/v2\/product_cat?post=5191"},{"taxonomy":"product_tag","embeddable":true,"href":"https:\/\/yensao100.com\/vi\/wp-json\/wp\/v2\/product_tag?post=5191"}],"curies":[{"name":"wp","href":"https:\/\/api.w.org\/{rel}","templated":true}]}}