{"id":5192,"date":"2025-04-29T13:13:47","date_gmt":"2025-04-29T06:13:47","guid":{"rendered":"https:\/\/yensao100.com\/?post_type=product&#038;p=5192"},"modified":"2025-04-29T13:45:47","modified_gmt":"2025-04-29T06:45:47","slug":"yen-sao-dao-thien-nhien-tinh-che-hop-qua-tang-gom-2-hop-3g-011g2","status":"publish","type":"product","link":"https:\/\/yensao100.com\/vi\/product\/yen-sao-dao-thien-nhien-tinh-che-hop-qua-tang-gom-2-hop-3g-011g2\/","title":{"rendered":"Y\u1ebfn s\u00e0o \u0111\u1ea3o thi\u00ean nhi\u00ean tinh ch\u1ebf h\u1ed9p qu\u00e0 t\u1eb7ng g\u1ed3m 2 h\u1ed9p 3g &#8211; 011G2"},"content":{"rendered":"<h2 class=\"font-bold uppercase\">Th\u00f4ng tin n\u1ed5i b\u1eadt<\/h2>\n<p>Y\u1ebfn s\u00e0o l\u00e0 m\u1ed9t trong 8 m\u00f3n \u0103n b\u1ed5 d\u01b0\u1ee1ng. Trong th\u00e0nh ph\u1ea7n Y\u1ebfn s\u00e0o c\u00f3 18 lo\u1ea1i acid amin c\u00f3 h\u00e0m l\u01b0\u1ee3ng cao nh\u01b0: Aspartic acid, Serine, Tyrosine, Phenylalanine, Valine, Arginine, Leucine. M\u1ed9t s\u1ed1 lo\u1ea1i acid amin kh\u00f4ng th\u1ec3 thay th\u1ebf c\u00f3 h\u00e0m l\u01b0\u1ee3ng r\u1ea5t cao nh\u01b0 Threonine, Phenylalanine, Leucine, Valine, Isoleucine, Arginine, Methionine. Ngo\u00e0i ra Y\u1ebfn s\u00e0o c\u00f3 ch\u1ee9a \u0111\u1ebfn 31 lo\u1ea1i nguy\u00ean t\u1ed1 \u0111a, vi l\u01b0\u1ee3ng c\u00f3 \u00edch cho s\u1ee9c kh\u1ecfe con ng\u01b0\u1eddi, \u0111\u00f3 l\u00e0 Mn, Br, Cu, Zn, Cr, Se &#8230; (Theo s\u1ed1 li\u1ec7u nghi\u00ean c\u1ee9u c\u1ee7a Trung t\u00e2m Khoa h\u1ecdc t\u1ef1 nhi\u00ean v\u00e0 C\u00f4ng ngh\u1ec7 Qu\u1ed1c gia).<br \/>\nS\u1ea3n ph\u1ea9m Y\u1ebfn s\u00e0o \u0111\u1ea3o y\u1ebfn thi\u00ean nhi\u00ean tinh ch\u1ebf h\u1ed9p qu\u00e0 t\u1eb7ng g\u1ed3m 2 h\u1ed9p 3g, m\u00e3 s\u1ea3n ph\u1ea9m 011G2, \u0111\u01b0\u1ee3c \u0111\u00f3ng g\u00f3i bao b\u00ec theo ki\u1ec3u d\u00e1ng qu\u00e0 t\u1eb7ng trang tr\u1ecdng, th\u00edch h\u1ee3p l\u00e0m qu\u00e0 bi\u1ebfu t\u1eb7ng, ph\u00f9 h\u1ee3p cho nhi\u1ec1u t\u1ea7ng l\u1edbp ti\u00eau d\u00f9ng.<br \/>\nY\u1ebfn s\u00e0o \u0111\u1ea3o y\u1ebfn thi\u00ean nhi\u00ean tinh ch\u1ebf l\u00e0 s\u1ea3n ph\u1ea9m \u0111\u00e3 \u0111\u01b0\u1ee3c l\u00e0m s\u1ea1ch ho\u00e0n to\u00e0n t\u1eeb Y\u1ebfn \u0111\u1ea3o thi\u00ean nhi\u00ean Kh\u00e1nh H\u00f2a, do C\u00f4ng ty Y\u1ebfn s\u00e0o Kh\u00e1nh Ho\u00e0 tr\u1ef1c ti\u1ebfp qu\u1ea3n l\u00fd, khai th\u00e1c, ch\u1ebf bi\u1ebfn. Khi s\u1eed d\u1ee5ng, kh\u00e1ch h\u00e0ng \u0111\u01b0a ngay v\u00e0o ch\u1ebf bi\u1ebfn, kh\u00f4ng c\u1ea7n ph\u1ea3i l\u00e0m s\u1ea1ch l\u1ea1i.<\/p>\n<p>&nbsp;<\/p>\n<div class=\"content-containing-tables scrollbar wysiwyg prose\">\n<p style=\"text-align: center;\"><iframe title=\"H\u01b0\u1edbng d\u1eabn ch\u1ebf bi\u1ebfn Y\u1ebfn s\u00e0o Kh\u00e1nh Ho\u00e0\" src=\"https:\/\/www.youtube.com\/embed\/SN-40DMAgJo\" width=\"820\" height=\"461\" frameborder=\"0\" allowfullscreen=\"allowfullscreen\"><\/iframe><\/p>\n<\/div>\n","protected":false},"excerpt":{"rendered":"<p>Y\u1ebfn s\u00e0o l\u00e0 m\u1ed9t trong 8 m\u00f3n \u0103n b\u1ed5 d\u01b0\u1ee1ng.<\/p>\n","protected":false},"featured_media":5241,"comment_status":"open","ping_status":"closed","template":"","meta":{"_acf_changed":false},"product_brand":[],"product_cat":[84],"product_tag":[],"class_list":{"0":"post-5192","1":"product","2":"type-product","3":"status-publish","4":"has-post-thumbnail","6":"product_cat-yen-sao-tinh-che","8":"first","9":"instock","10":"shipping-taxable","11":"purchasable","12":"product-type-simple"},"acf":[],"yoast_head":"<!-- This site is optimized with the Yoast SEO Premium plugin v23.0 (Yoast SEO v25.1) - https:\/\/yoast.com\/wordpress\/plugins\/seo\/ -->\n<title>Y\u1ebfn s\u00e0o \u0111\u1ea3o thi\u00ean nhi\u00ean tinh ch\u1ebf h\u1ed9p qu\u00e0 t\u1eb7ng g\u1ed3m 2 h\u1ed9p 3g - 011G2 - Y\u1ebfn S\u00e0o 100 SALE<\/title>\n<meta name=\"robots\" content=\"noindex, follow, max-snippet:-1, max-image-preview:large, max-video-preview:-1\" \/>\n<meta property=\"og:locale\" content=\"vi_VN\" \/>\n<meta property=\"og:type\" content=\"article\" \/>\n<meta property=\"og:title\" content=\"Y\u1ebfn s\u00e0o \u0111\u1ea3o thi\u00ean nhi\u00ean tinh ch\u1ebf h\u1ed9p qu\u00e0 t\u1eb7ng g\u1ed3m 2 h\u1ed9p 3g - 011G2\" \/>\n<meta property=\"og:description\" content=\"Y\u1ebfn s\u00e0o l\u00e0 m\u1ed9t trong 8 m\u00f3n \u0103n b\u1ed5 d\u01b0\u1ee1ng.\" \/>\n<meta property=\"og:url\" content=\"https:\/\/yensao100.com\/vi\/product\/yen-sao-dao-thien-nhien-tinh-che-hop-qua-tang-gom-2-hop-3g-011g2\/\" \/>\n<meta property=\"og:site_name\" content=\"Y\u1ebfn S\u00e0o 100 SALE\" \/>\n<meta property=\"article:modified_time\" content=\"2025-04-29T06:45:47+00:00\" \/>\n<meta property=\"og:image\" content=\"https:\/\/yensao100.com\/wp-content\/uploads\/2025\/04\/20241021053350011G2_1.jpg\" \/>\n\t<meta property=\"og:image:width\" content=\"460\" \/>\n\t<meta property=\"og:image:height\" content=\"306\" \/>\n\t<meta property=\"og:image:type\" content=\"image\/jpeg\" \/>\n<meta name=\"twitter:card\" content=\"summary_large_image\" \/>\n<meta name=\"twitter:label1\" content=\"Est. reading time\" \/>\n\t<meta name=\"twitter:data1\" content=\"2 minutes\" \/>\n<script type=\"application\/ld+json\" class=\"yoast-schema-graph\">{\"@context\":\"https:\/\/schema.org\",\"@graph\":[{\"@type\":\"WebPage\",\"@id\":\"https:\/\/yensao100.com\/vi\/product\/yen-sao-dao-thien-nhien-tinh-che-hop-qua-tang-gom-2-hop-3g-011g2\/\",\"url\":\"https:\/\/yensao100.com\/vi\/product\/yen-sao-dao-thien-nhien-tinh-che-hop-qua-tang-gom-2-hop-3g-011g2\/\",\"name\":\"Y\u1ebfn s\u00e0o \u0111\u1ea3o thi\u00ean nhi\u00ean tinh ch\u1ebf h\u1ed9p qu\u00e0 t\u1eb7ng g\u1ed3m 2 h\u1ed9p 3g - 011G2 - Y\u1ebfn S\u00e0o 100 SALE\",\"isPartOf\":{\"@id\":\"https:\/\/yensao100.com\/#website\"},\"primaryImageOfPage\":{\"@id\":\"https:\/\/yensao100.com\/vi\/product\/yen-sao-dao-thien-nhien-tinh-che-hop-qua-tang-gom-2-hop-3g-011g2\/#primaryimage\"},\"image\":{\"@id\":\"https:\/\/yensao100.com\/vi\/product\/yen-sao-dao-thien-nhien-tinh-che-hop-qua-tang-gom-2-hop-3g-011g2\/#primaryimage\"},\"thumbnailUrl\":\"https:\/\/yensao100.com\/wp-content\/uploads\/2025\/04\/20241021053350011G2_1.jpg\",\"datePublished\":\"2025-04-29T06:13:47+00:00\",\"dateModified\":\"2025-04-29T06:45:47+00:00\",\"breadcrumb\":{\"@id\":\"https:\/\/yensao100.com\/vi\/product\/yen-sao-dao-thien-nhien-tinh-che-hop-qua-tang-gom-2-hop-3g-011g2\/#breadcrumb\"},\"inLanguage\":\"vi-VN\",\"potentialAction\":[{\"@type\":\"ReadAction\",\"target\":[\"https:\/\/yensao100.com\/vi\/product\/yen-sao-dao-thien-nhien-tinh-che-hop-qua-tang-gom-2-hop-3g-011g2\/\"]}]},{\"@type\":\"ImageObject\",\"inLanguage\":\"vi-VN\",\"@id\":\"https:\/\/yensao100.com\/vi\/product\/yen-sao-dao-thien-nhien-tinh-che-hop-qua-tang-gom-2-hop-3g-011g2\/#primaryimage\",\"url\":\"https:\/\/yensao100.com\/wp-content\/uploads\/2025\/04\/20241021053350011G2_1.jpg\",\"contentUrl\":\"https:\/\/yensao100.com\/wp-content\/uploads\/2025\/04\/20241021053350011G2_1.jpg\",\"width\":460,\"height\":306},{\"@type\":\"BreadcrumbList\",\"@id\":\"https:\/\/yensao100.com\/vi\/product\/yen-sao-dao-thien-nhien-tinh-che-hop-qua-tang-gom-2-hop-3g-011g2\/#breadcrumb\",\"itemListElement\":[{\"@type\":\"ListItem\",\"position\":1,\"name\":\"Home\",\"item\":\"https:\/\/yensao100.com\/\"},{\"@type\":\"ListItem\",\"position\":2,\"name\":\"Shop\",\"item\":\"https:\/\/yensao100.com\/shop\/\"},{\"@type\":\"ListItem\",\"position\":3,\"name\":\"Y\u1ebfn s\u00e0o \u0111\u1ea3o thi\u00ean nhi\u00ean tinh ch\u1ebf h\u1ed9p qu\u00e0 t\u1eb7ng g\u1ed3m 2 h\u1ed9p 3g &#8211; 011G2\"}]},{\"@type\":\"WebSite\",\"@id\":\"https:\/\/yensao100.com\/#website\",\"url\":\"https:\/\/yensao100.com\/\",\"name\":\"Y\u1ebfn S\u00e0o 100\",\"description\":\"\",\"publisher\":{\"@id\":\"https:\/\/yensao100.com\/#organization\"},\"potentialAction\":[{\"@type\":\"SearchAction\",\"target\":{\"@type\":\"EntryPoint\",\"urlTemplate\":\"https:\/\/yensao100.com\/?s={search_term_string}\"},\"query-input\":{\"@type\":\"PropertyValueSpecification\",\"valueRequired\":true,\"valueName\":\"search_term_string\"}}],\"inLanguage\":\"vi-VN\"},{\"@type\":\"Organization\",\"@id\":\"https:\/\/yensao100.com\/#organization\",\"name\":\"C\u00d4NG TY TNHH M\u1ed8T TH\u00c0NH VI\u00caN Y\u1ebeN 100\",\"url\":\"https:\/\/yensao100.com\/\",\"logo\":{\"@type\":\"ImageObject\",\"inLanguage\":\"vi-VN\",\"@id\":\"https:\/\/yensao100.com\/#\/schema\/logo\/image\/\",\"url\":\"https:\/\/yensao100.com\/wp-content\/uploads\/2025\/04\/Yen100-logo-cut.png\",\"contentUrl\":\"https:\/\/yensao100.com\/wp-content\/uploads\/2025\/04\/Yen100-logo-cut.png\",\"width\":3059,\"height\":2229,\"caption\":\"C\u00d4NG TY TNHH M\u1ed8T TH\u00c0NH VI\u00caN Y\u1ebeN 100\"},\"image\":{\"@id\":\"https:\/\/yensao100.com\/#\/schema\/logo\/image\/\"}}]}<\/script>\n<!-- \/ Yoast SEO Premium plugin. -->","yoast_head_json":{"title":"Y\u1ebfn s\u00e0o \u0111\u1ea3o thi\u00ean nhi\u00ean tinh ch\u1ebf h\u1ed9p qu\u00e0 t\u1eb7ng g\u1ed3m 2 h\u1ed9p 3g - 011G2 - Y\u1ebfn S\u00e0o 100 SALE","robots":{"index":"noindex","follow":"follow","max-snippet":"max-snippet:-1","max-image-preview":"max-image-preview:large","max-video-preview":"max-video-preview:-1"},"og_locale":"vi_VN","og_type":"article","og_title":"Y\u1ebfn s\u00e0o \u0111\u1ea3o thi\u00ean nhi\u00ean tinh ch\u1ebf h\u1ed9p qu\u00e0 t\u1eb7ng g\u1ed3m 2 h\u1ed9p 3g - 011G2","og_description":"Y\u1ebfn s\u00e0o l\u00e0 m\u1ed9t trong 8 m\u00f3n \u0103n b\u1ed5 d\u01b0\u1ee1ng.","og_url":"https:\/\/yensao100.com\/vi\/product\/yen-sao-dao-thien-nhien-tinh-che-hop-qua-tang-gom-2-hop-3g-011g2\/","og_site_name":"Y\u1ebfn S\u00e0o 100 SALE","article_modified_time":"2025-04-29T06:45:47+00:00","og_image":[{"width":460,"height":306,"url":"https:\/\/yensao100.com\/wp-content\/uploads\/2025\/04\/20241021053350011G2_1.jpg","type":"image\/jpeg"}],"twitter_card":"summary_large_image","twitter_misc":{"Est. reading time":"2 minutes"},"schema":{"@context":"https:\/\/schema.org","@graph":[{"@type":"WebPage","@id":"https:\/\/yensao100.com\/vi\/product\/yen-sao-dao-thien-nhien-tinh-che-hop-qua-tang-gom-2-hop-3g-011g2\/","url":"https:\/\/yensao100.com\/vi\/product\/yen-sao-dao-thien-nhien-tinh-che-hop-qua-tang-gom-2-hop-3g-011g2\/","name":"Y\u1ebfn s\u00e0o \u0111\u1ea3o thi\u00ean nhi\u00ean tinh ch\u1ebf h\u1ed9p qu\u00e0 t\u1eb7ng g\u1ed3m 2 h\u1ed9p 3g - 011G2 - Y\u1ebfn S\u00e0o 100 SALE","isPartOf":{"@id":"https:\/\/yensao100.com\/#website"},"primaryImageOfPage":{"@id":"https:\/\/yensao100.com\/vi\/product\/yen-sao-dao-thien-nhien-tinh-che-hop-qua-tang-gom-2-hop-3g-011g2\/#primaryimage"},"image":{"@id":"https:\/\/yensao100.com\/vi\/product\/yen-sao-dao-thien-nhien-tinh-che-hop-qua-tang-gom-2-hop-3g-011g2\/#primaryimage"},"thumbnailUrl":"https:\/\/yensao100.com\/wp-content\/uploads\/2025\/04\/20241021053350011G2_1.jpg","datePublished":"2025-04-29T06:13:47+00:00","dateModified":"2025-04-29T06:45:47+00:00","breadcrumb":{"@id":"https:\/\/yensao100.com\/vi\/product\/yen-sao-dao-thien-nhien-tinh-che-hop-qua-tang-gom-2-hop-3g-011g2\/#breadcrumb"},"inLanguage":"vi-VN","potentialAction":[{"@type":"ReadAction","target":["https:\/\/yensao100.com\/vi\/product\/yen-sao-dao-thien-nhien-tinh-che-hop-qua-tang-gom-2-hop-3g-011g2\/"]}]},{"@type":"ImageObject","inLanguage":"vi-VN","@id":"https:\/\/yensao100.com\/vi\/product\/yen-sao-dao-thien-nhien-tinh-che-hop-qua-tang-gom-2-hop-3g-011g2\/#primaryimage","url":"https:\/\/yensao100.com\/wp-content\/uploads\/2025\/04\/20241021053350011G2_1.jpg","contentUrl":"https:\/\/yensao100.com\/wp-content\/uploads\/2025\/04\/20241021053350011G2_1.jpg","width":460,"height":306},{"@type":"BreadcrumbList","@id":"https:\/\/yensao100.com\/vi\/product\/yen-sao-dao-thien-nhien-tinh-che-hop-qua-tang-gom-2-hop-3g-011g2\/#breadcrumb","itemListElement":[{"@type":"ListItem","position":1,"name":"Home","item":"https:\/\/yensao100.com\/"},{"@type":"ListItem","position":2,"name":"Shop","item":"https:\/\/yensao100.com\/shop\/"},{"@type":"ListItem","position":3,"name":"Y\u1ebfn s\u00e0o \u0111\u1ea3o thi\u00ean nhi\u00ean tinh ch\u1ebf h\u1ed9p qu\u00e0 t\u1eb7ng g\u1ed3m 2 h\u1ed9p 3g &#8211; 011G2"}]},{"@type":"WebSite","@id":"https:\/\/yensao100.com\/#website","url":"https:\/\/yensao100.com\/","name":"Y\u1ebfn S\u00e0o 100","description":"","publisher":{"@id":"https:\/\/yensao100.com\/#organization"},"potentialAction":[{"@type":"SearchAction","target":{"@type":"EntryPoint","urlTemplate":"https:\/\/yensao100.com\/?s={search_term_string}"},"query-input":{"@type":"PropertyValueSpecification","valueRequired":true,"valueName":"search_term_string"}}],"inLanguage":"vi-VN"},{"@type":"Organization","@id":"https:\/\/yensao100.com\/#organization","name":"C\u00d4NG TY TNHH M\u1ed8T TH\u00c0NH VI\u00caN Y\u1ebeN 100","url":"https:\/\/yensao100.com\/","logo":{"@type":"ImageObject","inLanguage":"vi-VN","@id":"https:\/\/yensao100.com\/#\/schema\/logo\/image\/","url":"https:\/\/yensao100.com\/wp-content\/uploads\/2025\/04\/Yen100-logo-cut.png","contentUrl":"https:\/\/yensao100.com\/wp-content\/uploads\/2025\/04\/Yen100-logo-cut.png","width":3059,"height":2229,"caption":"C\u00d4NG TY TNHH M\u1ed8T TH\u00c0NH VI\u00caN Y\u1ebeN 100"},"image":{"@id":"https:\/\/yensao100.com\/#\/schema\/logo\/image\/"}}]}},"_links":{"self":[{"href":"https:\/\/yensao100.com\/vi\/wp-json\/wp\/v2\/product\/5192","targetHints":{"allow":["GET"]}}],"collection":[{"href":"https:\/\/yensao100.com\/vi\/wp-json\/wp\/v2\/product"}],"about":[{"href":"https:\/\/yensao100.com\/vi\/wp-json\/wp\/v2\/types\/product"}],"replies":[{"embeddable":true,"href":"https:\/\/yensao100.com\/vi\/wp-json\/wp\/v2\/comments?post=5192"}],"wp:featuredmedia":[{"embeddable":true,"href":"https:\/\/yensao100.com\/vi\/wp-json\/wp\/v2\/media\/5241"}],"wp:attachment":[{"href":"https:\/\/yensao100.com\/vi\/wp-json\/wp\/v2\/media?parent=5192"}],"wp:term":[{"taxonomy":"product_brand","embeddable":true,"href":"https:\/\/yensao100.com\/vi\/wp-json\/wp\/v2\/product_brand?post=5192"},{"taxonomy":"product_cat","embeddable":true,"href":"https:\/\/yensao100.com\/vi\/wp-json\/wp\/v2\/product_cat?post=5192"},{"taxonomy":"product_tag","embeddable":true,"href":"https:\/\/yensao100.com\/vi\/wp-json\/wp\/v2\/product_tag?post=5192"}],"curies":[{"name":"wp","href":"https:\/\/api.w.org\/{rel}","templated":true}]}}