{"id":5275,"date":"2025-04-29T14:36:08","date_gmt":"2025-04-29T07:36:08","guid":{"rendered":"https:\/\/yensao100.com\/?post_type=product&#038;p=5275"},"modified":"2025-05-05T13:12:43","modified_gmt":"2025-05-05T06:12:43","slug":"yen-sao-dao-yen-thien-nhien-tinh-che-hop-100g-014n","status":"publish","type":"product","link":"https:\/\/yensao100.com\/vi\/product\/yen-sao-dao-yen-thien-nhien-tinh-che-hop-100g-014n\/","title":{"rendered":"Y\u1ebfn s\u00e0o \u0111\u1ea3o y\u1ebfn thi\u00ean nhi\u00ean tinh ch\u1ebf h\u1ed9p 100g &#8211; 014N"},"content":{"rendered":"<h2 class=\"font-bold uppercase\">Th\u00f4ng tin n\u1ed5i b\u1eadt<\/h2>\n<p>Y\u1ebfn s\u00e0o l\u00e0 m\u1ed9t trong 8 m\u00f3n \u0103n b\u1ed5 d\u01b0\u1ee1ng. Trong th\u00e0nh ph\u1ea7n Y\u1ebfn s\u00e0o c\u00f3 18 lo\u1ea1i acid amin c\u00f3 h\u00e0m l\u01b0\u1ee3ng cao nh\u01b0: Aspartic acid, Serine, Tyrosine, Phenylalanine, Valine, Arginine, Leucine. M\u1ed9t s\u1ed1 lo\u1ea1i acid amin kh\u00f4ng th\u1ec3 thay th\u1ebf c\u00f3 h\u00e0m l\u01b0\u1ee3ng r\u1ea5t cao nh\u01b0 Threonine, Phenylalanine, Leucine, Valine, Isoleucine, Arginine, Methionine. Ngo\u00e0i ra Y\u1ebfn s\u00e0o c\u00f3 ch\u1ee9a \u0111\u1ebfn 31 lo\u1ea1i nguy\u00ean t\u1ed1 \u0111a, vi l\u01b0\u1ee3ng c\u00f3 \u00edch cho s\u1ee9c kh\u1ecfe con ng\u01b0\u1eddi, \u0111\u00f3 l\u00e0 Mn, Br, Cu, Zn, Cr, Se &#8230; (Theo s\u1ed1 li\u1ec7u nghi\u00ean c\u1ee9u c\u1ee7a Trung t\u00e2m Khoa h\u1ecdc t\u1ef1 nhi\u00ean v\u00e0 C\u00f4ng ngh\u1ec7 Qu\u1ed1c gia).<br \/>\nS\u1ea3n ph\u1ea9m Y\u1ebfn s\u00e0o \u0111\u1ea3o thi\u00ean nhi\u00ean Kh\u00e1nh H\u00f2a h\u1ed9p 100g c\u00f3 m\u00e3 s\u1ea3n ph\u1ea9m 014N. Y\u1ebfn s\u00e0o \u0111\u1ea3o thi\u00ean nhi\u00ean Kh\u00e1nh H\u00f2a l\u00e0 s\u1ea3n ph\u1ea9m \u0111\u00e3 \u0111\u01b0\u1ee3c l\u00e0m s\u1ea1ch ho\u00e0n to\u00e0n t\u1eeb Y\u1ebfn \u0111\u1ea3o thi\u00ean nhi\u00ean Kh\u00e1nh H\u00f2a, do C\u00f4ng ty Y\u1ebfn s\u00e0o Kh\u00e1nh Ho\u00e0 tr\u1ef1c ti\u1ebfp qu\u1ea3n l\u00fd, khai th\u00e1c v\u00e0 ch\u1ebf bi\u1ebfn.<br \/>\n\u0110\u1eb7c bi\u1ec7t, s\u1ea3n ph\u1ea9m kh\u00f4ng s\u1eed d\u1ee5ng h\u00f3a ch\u1ea5t, h\u01b0\u01a1ng li\u1ec7u hay ch\u1ea5t b\u1ea3o qu\u1ea3n, v\u00ec v\u1eady s\u1ea3n ph\u1ea9m lu\u00f4n gi\u1eef \u0111\u01b0\u1ee3c nguy\u00ean v\u1eb9n gi\u00e1 tr\u1ecb b\u1ed5 d\u01b0\u1ee1ng, h\u01b0\u01a1ng v\u1ecb \u0111\u1eb7c tr\u01b0ng t\u1ef1 nhi\u00ean c\u1ee7a Y\u1ebfn s\u00e0o \u0111\u1ea3o thi\u00ean nhi\u00ean Kh\u00e1nh H\u00f2a.<\/p>\n<p>V\u1edbi thi\u1ebft k\u1ebf bao b\u00ec \u0111\u1ef1ng s\u1ea3n ph\u1ea9m d\u1ea1ng t\u00fai zipper c\u00f3 m\u00e9p kho\u00e1, l\u00e0m t\u0103ng kh\u1ea3 n\u0103ng ch\u1ed1ng th\u1ea5m, ch\u1ed1ng \u1ea9m cao, gi\u00fap b\u1ea3o qu\u1ea3n s\u1ea3n ph\u1ea9m, gi\u1eef \u0111\u01b0\u1ee3c nguy\u00ean v\u1eb9n h\u01b0\u01a1ng v\u1ecb c\u1ee7a s\u1ea3n ph\u1ea9m. Khi s\u1eed d\u1ee5ng s\u1ea3n ph\u1ea9m, kh\u00e1ch h\u00e0ng c\u00f3 th\u1ec3 \u0111\u01b0a v\u00e0o ch\u1ebf bi\u1ebfn ngay, kh\u00f4ng c\u1ea7n ph\u1ea3i l\u00e0m s\u1ea1ch l\u1ea1i, r\u1ea5t ti\u1ec7n l\u1ee3i, ti\u1ebft ki\u1ec7m th\u1eddi gian v\u00e0 ph\u00f9 h\u1ee3p v\u1edbi th\u1ecb hi\u1ebfu c\u1ee7a ng\u01b0\u1eddi ti\u00eau d\u00f9ng.<br \/>\nTr\u00ean t\u00fai zipper c\u00f3 d\u00e1n tem QR v\u00e0 sau v\u1ecf h\u1ed9p c\u00f3 \u0111\u1ea7y \u0111\u1ee7 m\u00e3 QR code \u0111\u1ec3 kh\u00e1ch h\u00e0ng d\u1ec5 d\u00e0ng truy xu\u1ea5t ngu\u1ed3n g\u1ed1c s\u1ea3n ph\u1ea9m.<\/p>\n<p>&nbsp;<\/p>\n<div class=\"content-containing-tables scrollbar wysiwyg prose\">\n<p style=\"text-align: center;\"><iframe title=\"H\u01b0\u1edbng d\u1eabn ch\u1ebf bi\u1ebfn Y\u1ebfn s\u00e0o Kh\u00e1nh Ho\u00e0\" src=\"https:\/\/www.youtube.com\/embed\/SN-40DMAgJo\" width=\"820\" height=\"461\" frameborder=\"0\" allowfullscreen=\"allowfullscreen\"><\/iframe><\/p>\n<\/div>\n","protected":false},"excerpt":{"rendered":"<p>Y\u1ebfn s\u00e0o l\u00e0 m\u1ed9t trong 8 m\u00f3n \u0103n b\u1ed5 d\u01b0\u1ee1ng.<\/p>\n","protected":false},"featured_media":5302,"comment_status":"open","ping_status":"closed","template":"","meta":{"_acf_changed":false},"product_brand":[],"product_cat":[84],"product_tag":[],"class_list":{"0":"post-5275","1":"product","2":"type-product","3":"status-publish","4":"has-post-thumbnail","6":"product_cat-yen-sao-tinh-che","8":"first","9":"instock","10":"shipping-taxable","11":"purchasable","12":"product-type-simple"},"acf":[],"yoast_head":"<!-- This site is optimized with the Yoast SEO Premium plugin v23.0 (Yoast SEO v25.1) - https:\/\/yoast.com\/wordpress\/plugins\/seo\/ -->\n<title>Y\u1ebfn s\u00e0o \u0111\u1ea3o y\u1ebfn thi\u00ean nhi\u00ean tinh ch\u1ebf h\u1ed9p 100g - 014N - Y\u1ebfn S\u00e0o 100 SALE<\/title>\n<meta name=\"robots\" content=\"noindex, follow, max-snippet:-1, max-image-preview:large, max-video-preview:-1\" \/>\n<meta property=\"og:locale\" content=\"vi_VN\" \/>\n<meta property=\"og:type\" content=\"article\" \/>\n<meta property=\"og:title\" content=\"Y\u1ebfn s\u00e0o \u0111\u1ea3o y\u1ebfn thi\u00ean nhi\u00ean tinh ch\u1ebf h\u1ed9p 100g - 014N\" \/>\n<meta property=\"og:description\" content=\"Y\u1ebfn s\u00e0o l\u00e0 m\u1ed9t trong 8 m\u00f3n \u0103n b\u1ed5 d\u01b0\u1ee1ng.\" \/>\n<meta property=\"og:url\" content=\"https:\/\/yensao100.com\/vi\/product\/yen-sao-dao-yen-thien-nhien-tinh-che-hop-100g-014n\/\" \/>\n<meta property=\"og:site_name\" content=\"Y\u1ebfn S\u00e0o 100 SALE\" \/>\n<meta property=\"article:modified_time\" content=\"2025-05-05T06:12:43+00:00\" \/>\n<meta property=\"og:image\" content=\"https:\/\/yensao100.com\/wp-content\/uploads\/2025\/04\/014N_01.jpg\" \/>\n\t<meta property=\"og:image:width\" content=\"460\" \/>\n\t<meta property=\"og:image:height\" content=\"306\" \/>\n\t<meta property=\"og:image:type\" content=\"image\/jpeg\" \/>\n<meta name=\"twitter:card\" content=\"summary_large_image\" \/>\n<meta name=\"twitter:label1\" content=\"Est. reading time\" \/>\n\t<meta name=\"twitter:data1\" content=\"2 minutes\" \/>\n<script type=\"application\/ld+json\" class=\"yoast-schema-graph\">{\"@context\":\"https:\/\/schema.org\",\"@graph\":[{\"@type\":\"WebPage\",\"@id\":\"https:\/\/yensao100.com\/vi\/product\/yen-sao-dao-yen-thien-nhien-tinh-che-hop-100g-014n\/\",\"url\":\"https:\/\/yensao100.com\/vi\/product\/yen-sao-dao-yen-thien-nhien-tinh-che-hop-100g-014n\/\",\"name\":\"Y\u1ebfn s\u00e0o \u0111\u1ea3o y\u1ebfn thi\u00ean nhi\u00ean tinh ch\u1ebf h\u1ed9p 100g - 014N - Y\u1ebfn S\u00e0o 100 SALE\",\"isPartOf\":{\"@id\":\"https:\/\/yensao100.com\/#website\"},\"primaryImageOfPage\":{\"@id\":\"https:\/\/yensao100.com\/vi\/product\/yen-sao-dao-yen-thien-nhien-tinh-che-hop-100g-014n\/#primaryimage\"},\"image\":{\"@id\":\"https:\/\/yensao100.com\/vi\/product\/yen-sao-dao-yen-thien-nhien-tinh-che-hop-100g-014n\/#primaryimage\"},\"thumbnailUrl\":\"https:\/\/yensao100.com\/wp-content\/uploads\/2025\/04\/014N_01.jpg\",\"datePublished\":\"2025-04-29T07:36:08+00:00\",\"dateModified\":\"2025-05-05T06:12:43+00:00\",\"breadcrumb\":{\"@id\":\"https:\/\/yensao100.com\/vi\/product\/yen-sao-dao-yen-thien-nhien-tinh-che-hop-100g-014n\/#breadcrumb\"},\"inLanguage\":\"vi-VN\",\"potentialAction\":[{\"@type\":\"ReadAction\",\"target\":[\"https:\/\/yensao100.com\/vi\/product\/yen-sao-dao-yen-thien-nhien-tinh-che-hop-100g-014n\/\"]}]},{\"@type\":\"ImageObject\",\"inLanguage\":\"vi-VN\",\"@id\":\"https:\/\/yensao100.com\/vi\/product\/yen-sao-dao-yen-thien-nhien-tinh-che-hop-100g-014n\/#primaryimage\",\"url\":\"https:\/\/yensao100.com\/wp-content\/uploads\/2025\/04\/014N_01.jpg\",\"contentUrl\":\"https:\/\/yensao100.com\/wp-content\/uploads\/2025\/04\/014N_01.jpg\",\"width\":460,\"height\":306},{\"@type\":\"BreadcrumbList\",\"@id\":\"https:\/\/yensao100.com\/vi\/product\/yen-sao-dao-yen-thien-nhien-tinh-che-hop-100g-014n\/#breadcrumb\",\"itemListElement\":[{\"@type\":\"ListItem\",\"position\":1,\"name\":\"Home\",\"item\":\"https:\/\/yensao100.com\/\"},{\"@type\":\"ListItem\",\"position\":2,\"name\":\"Shop\",\"item\":\"https:\/\/yensao100.com\/shop\/\"},{\"@type\":\"ListItem\",\"position\":3,\"name\":\"Y\u1ebfn s\u00e0o \u0111\u1ea3o y\u1ebfn thi\u00ean nhi\u00ean tinh ch\u1ebf h\u1ed9p 100g &#8211; 014N\"}]},{\"@type\":\"WebSite\",\"@id\":\"https:\/\/yensao100.com\/#website\",\"url\":\"https:\/\/yensao100.com\/\",\"name\":\"Y\u1ebfn S\u00e0o 100\",\"description\":\"\",\"publisher\":{\"@id\":\"https:\/\/yensao100.com\/#organization\"},\"potentialAction\":[{\"@type\":\"SearchAction\",\"target\":{\"@type\":\"EntryPoint\",\"urlTemplate\":\"https:\/\/yensao100.com\/?s={search_term_string}\"},\"query-input\":{\"@type\":\"PropertyValueSpecification\",\"valueRequired\":true,\"valueName\":\"search_term_string\"}}],\"inLanguage\":\"vi-VN\"},{\"@type\":\"Organization\",\"@id\":\"https:\/\/yensao100.com\/#organization\",\"name\":\"C\u00d4NG TY TNHH M\u1ed8T TH\u00c0NH VI\u00caN Y\u1ebeN 100\",\"url\":\"https:\/\/yensao100.com\/\",\"logo\":{\"@type\":\"ImageObject\",\"inLanguage\":\"vi-VN\",\"@id\":\"https:\/\/yensao100.com\/#\/schema\/logo\/image\/\",\"url\":\"https:\/\/yensao100.com\/wp-content\/uploads\/2025\/04\/Yen100-logo-cut.png\",\"contentUrl\":\"https:\/\/yensao100.com\/wp-content\/uploads\/2025\/04\/Yen100-logo-cut.png\",\"width\":3059,\"height\":2229,\"caption\":\"C\u00d4NG TY TNHH M\u1ed8T TH\u00c0NH VI\u00caN Y\u1ebeN 100\"},\"image\":{\"@id\":\"https:\/\/yensao100.com\/#\/schema\/logo\/image\/\"}}]}<\/script>\n<!-- \/ Yoast SEO Premium plugin. -->","yoast_head_json":{"title":"Y\u1ebfn s\u00e0o \u0111\u1ea3o y\u1ebfn thi\u00ean nhi\u00ean tinh ch\u1ebf h\u1ed9p 100g - 014N - Y\u1ebfn S\u00e0o 100 SALE","robots":{"index":"noindex","follow":"follow","max-snippet":"max-snippet:-1","max-image-preview":"max-image-preview:large","max-video-preview":"max-video-preview:-1"},"og_locale":"vi_VN","og_type":"article","og_title":"Y\u1ebfn s\u00e0o \u0111\u1ea3o y\u1ebfn thi\u00ean nhi\u00ean tinh ch\u1ebf h\u1ed9p 100g - 014N","og_description":"Y\u1ebfn s\u00e0o l\u00e0 m\u1ed9t trong 8 m\u00f3n \u0103n b\u1ed5 d\u01b0\u1ee1ng.","og_url":"https:\/\/yensao100.com\/vi\/product\/yen-sao-dao-yen-thien-nhien-tinh-che-hop-100g-014n\/","og_site_name":"Y\u1ebfn S\u00e0o 100 SALE","article_modified_time":"2025-05-05T06:12:43+00:00","og_image":[{"width":460,"height":306,"url":"https:\/\/yensao100.com\/wp-content\/uploads\/2025\/04\/014N_01.jpg","type":"image\/jpeg"}],"twitter_card":"summary_large_image","twitter_misc":{"Est. reading time":"2 minutes"},"schema":{"@context":"https:\/\/schema.org","@graph":[{"@type":"WebPage","@id":"https:\/\/yensao100.com\/vi\/product\/yen-sao-dao-yen-thien-nhien-tinh-che-hop-100g-014n\/","url":"https:\/\/yensao100.com\/vi\/product\/yen-sao-dao-yen-thien-nhien-tinh-che-hop-100g-014n\/","name":"Y\u1ebfn s\u00e0o \u0111\u1ea3o y\u1ebfn thi\u00ean nhi\u00ean tinh ch\u1ebf h\u1ed9p 100g - 014N - Y\u1ebfn S\u00e0o 100 SALE","isPartOf":{"@id":"https:\/\/yensao100.com\/#website"},"primaryImageOfPage":{"@id":"https:\/\/yensao100.com\/vi\/product\/yen-sao-dao-yen-thien-nhien-tinh-che-hop-100g-014n\/#primaryimage"},"image":{"@id":"https:\/\/yensao100.com\/vi\/product\/yen-sao-dao-yen-thien-nhien-tinh-che-hop-100g-014n\/#primaryimage"},"thumbnailUrl":"https:\/\/yensao100.com\/wp-content\/uploads\/2025\/04\/014N_01.jpg","datePublished":"2025-04-29T07:36:08+00:00","dateModified":"2025-05-05T06:12:43+00:00","breadcrumb":{"@id":"https:\/\/yensao100.com\/vi\/product\/yen-sao-dao-yen-thien-nhien-tinh-che-hop-100g-014n\/#breadcrumb"},"inLanguage":"vi-VN","potentialAction":[{"@type":"ReadAction","target":["https:\/\/yensao100.com\/vi\/product\/yen-sao-dao-yen-thien-nhien-tinh-che-hop-100g-014n\/"]}]},{"@type":"ImageObject","inLanguage":"vi-VN","@id":"https:\/\/yensao100.com\/vi\/product\/yen-sao-dao-yen-thien-nhien-tinh-che-hop-100g-014n\/#primaryimage","url":"https:\/\/yensao100.com\/wp-content\/uploads\/2025\/04\/014N_01.jpg","contentUrl":"https:\/\/yensao100.com\/wp-content\/uploads\/2025\/04\/014N_01.jpg","width":460,"height":306},{"@type":"BreadcrumbList","@id":"https:\/\/yensao100.com\/vi\/product\/yen-sao-dao-yen-thien-nhien-tinh-che-hop-100g-014n\/#breadcrumb","itemListElement":[{"@type":"ListItem","position":1,"name":"Home","item":"https:\/\/yensao100.com\/"},{"@type":"ListItem","position":2,"name":"Shop","item":"https:\/\/yensao100.com\/shop\/"},{"@type":"ListItem","position":3,"name":"Y\u1ebfn s\u00e0o \u0111\u1ea3o y\u1ebfn thi\u00ean nhi\u00ean tinh ch\u1ebf h\u1ed9p 100g &#8211; 014N"}]},{"@type":"WebSite","@id":"https:\/\/yensao100.com\/#website","url":"https:\/\/yensao100.com\/","name":"Y\u1ebfn S\u00e0o 100","description":"","publisher":{"@id":"https:\/\/yensao100.com\/#organization"},"potentialAction":[{"@type":"SearchAction","target":{"@type":"EntryPoint","urlTemplate":"https:\/\/yensao100.com\/?s={search_term_string}"},"query-input":{"@type":"PropertyValueSpecification","valueRequired":true,"valueName":"search_term_string"}}],"inLanguage":"vi-VN"},{"@type":"Organization","@id":"https:\/\/yensao100.com\/#organization","name":"C\u00d4NG TY TNHH M\u1ed8T TH\u00c0NH VI\u00caN Y\u1ebeN 100","url":"https:\/\/yensao100.com\/","logo":{"@type":"ImageObject","inLanguage":"vi-VN","@id":"https:\/\/yensao100.com\/#\/schema\/logo\/image\/","url":"https:\/\/yensao100.com\/wp-content\/uploads\/2025\/04\/Yen100-logo-cut.png","contentUrl":"https:\/\/yensao100.com\/wp-content\/uploads\/2025\/04\/Yen100-logo-cut.png","width":3059,"height":2229,"caption":"C\u00d4NG TY TNHH M\u1ed8T TH\u00c0NH VI\u00caN Y\u1ebeN 100"},"image":{"@id":"https:\/\/yensao100.com\/#\/schema\/logo\/image\/"}}]}},"_links":{"self":[{"href":"https:\/\/yensao100.com\/vi\/wp-json\/wp\/v2\/product\/5275","targetHints":{"allow":["GET"]}}],"collection":[{"href":"https:\/\/yensao100.com\/vi\/wp-json\/wp\/v2\/product"}],"about":[{"href":"https:\/\/yensao100.com\/vi\/wp-json\/wp\/v2\/types\/product"}],"replies":[{"embeddable":true,"href":"https:\/\/yensao100.com\/vi\/wp-json\/wp\/v2\/comments?post=5275"}],"wp:featuredmedia":[{"embeddable":true,"href":"https:\/\/yensao100.com\/vi\/wp-json\/wp\/v2\/media\/5302"}],"wp:attachment":[{"href":"https:\/\/yensao100.com\/vi\/wp-json\/wp\/v2\/media?parent=5275"}],"wp:term":[{"taxonomy":"product_brand","embeddable":true,"href":"https:\/\/yensao100.com\/vi\/wp-json\/wp\/v2\/product_brand?post=5275"},{"taxonomy":"product_cat","embeddable":true,"href":"https:\/\/yensao100.com\/vi\/wp-json\/wp\/v2\/product_cat?post=5275"},{"taxonomy":"product_tag","embeddable":true,"href":"https:\/\/yensao100.com\/vi\/wp-json\/wp\/v2\/product_tag?post=5275"}],"curies":[{"name":"wp","href":"https:\/\/api.w.org\/{rel}","templated":true}]}}