{"id":5527,"date":"2025-05-06T09:34:07","date_gmt":"2025-05-06T02:34:07","guid":{"rendered":"https:\/\/yensao100.com\/?post_type=product&#038;p=5527"},"modified":"2025-05-06T10:14:08","modified_gmt":"2025-05-06T03:14:08","slug":"yen-sao-sanvinest-khanh-hoa-chinh-hieu-tinh-che-dang-to-50g-hop-qua-tang-sh650","status":"publish","type":"product","link":"https:\/\/yensao100.com\/vi\/product\/yen-sao-sanvinest-khanh-hoa-chinh-hieu-tinh-che-dang-to-50g-hop-qua-tang-sh650\/","title":{"rendered":"Y\u1ebfn s\u00e0o Sanvinest Kh\u00e1nh H\u00f2a ch\u00ednh hi\u1ec7u tinh ch\u1ebf d\u1ea1ng t\u1ed5 50g h\u1ed9p qu\u00e0 t\u1eb7ng &#8211; SH650"},"content":{"rendered":"<h2 class=\"font-bold uppercase\">Th\u00f4ng tin n\u1ed5i b\u1eadt<\/h2>\n<p>&#8211; S\u1ea3n ph\u1ea9m Y\u1ebfn s\u00e0o Sanvinest Kh\u00e1nh H\u00f2a ch\u00ednh hi\u1ec7u tinh ch\u1ebf d\u1ea1ng t\u1ed5 50 gam h\u1ed9p qu\u00e0 t\u1eb7ng, m\u00e3 s\u1ea3n ph\u1ea9m SH650, g\u1ed3m c\u00f3 50 gam y\u1ebfn tinh ch\u1ebf d\u1ea1ng t\u1ed5 \u0111\u01b0\u1ee3c \u0111\u00f3ng g\u00f3i v\u1edbi d\u1ea1ng h\u1ed9p qu\u00e0 t\u1eb7ng simili h\u00ecnh tr\u00e1i tim cao c\u1ea5p, r\u1ea5t th\u00edch h\u1ee3p s\u1eed d\u1ee5ng \u0111\u1ec3 l\u00e0m qu\u00e0 bi\u1ebfu t\u1eb7ng.<\/p>\n<p>&#8211; Y\u1ebfn s\u00e0o Sanvinest Kh\u00e1nh H\u00f2a ch\u00ednh hi\u1ec7u tinh ch\u1ebf \u0111\u01b0\u1ee3c s\u1ea3n xu\u1ea5t ho\u00e0n to\u00e0n t\u1eeb ngu\u1ed3n y\u1ebfn s\u00e0o thi\u00ean nhi\u00ean do C\u00f4ng ty C\u1ed5 ph\u1ea7n N\u01b0\u1edbc gi\u1ea3i kh\u00e1t Y\u1ebfn s\u00e0o Kh\u00e1nh H\u00f2a tr\u1ef1c ti\u1ebfp qu\u1ea3n l\u00fd v\u00e0 khai th\u00e1c.<\/p>\n<p>&#8211; Y\u1ebfn s\u00e0o tinh ch\u1ebf \u0111\u01b0\u1ee3c l\u00e0m s\u1ea1ch ho\u00e0n to\u00e0n theo quy tr\u00ecnh c\u00f4ng ngh\u1ec7 hi\u1ec7n \u0111\u1ea1i v\u00e0 b\u00ed quy\u1ebft c\u1ed5 truy\u1ec1n. \u0110\u1eb7c bi\u1ec7t, C\u00f4ng ty kh\u00f4ng s\u1eed d\u1ee5ng h\u00f3a ch\u1ea5t, h\u01b0\u01a1ng li\u1ec7u v\u00e0 ch\u1ea5t b\u1ea3o qu\u1ea3n v\u00ec v\u1eady y\u1ebfn s\u00e0o c\u1ee7a C\u00f4ng ty lu\u00f4n gi\u1eef \u0111\u01b0\u1ee3c nguy\u00ean gi\u00e1 tr\u1ecb b\u1ed5 d\u01b0\u1ee1ng, h\u01b0\u01a1ng v\u1ecb \u0111\u1eb7c tr\u01b0ng t\u1ef1 nhi\u00ean.<\/p>\n<p>&#8211; Y\u1ebfn s\u00e0o t\u1eeb l\u00e2u \u0111\u00e3 \u0111\u01b0\u1ee3c bi\u1ebft \u0111\u1ebfn l\u00e0 ngu\u1ed3n th\u1ef1c ph\u1ea9m b\u1ed5 d\u01b0\u1ee1ng di\u1ec7u k\u1ef3 \u0111\u1ec3 t\u0103ng c\u01b0\u1eddng s\u1ee9c kh\u1ecfe, t\u0103ng c\u01b0\u1eddng h\u1ec7 mi\u1ec5n d\u1ecbch cho c\u01a1 th\u1ec3.<\/p>\n<p>&#8211; Y\u1ebfn s\u00e0o c\u00f3 t\u00e1c d\u1ee5ng l\u00e0m s\u1ea1ch ph\u1ed5i v\u00e0 c\u00e1c c\u01a1 quan h\u00f4 h\u1ea5p c\u00f9ng c\u00e1c tri\u1ec7u ch\u1ee9ng d\u1ecb \u1ee9ng, gi\u00fap t\u0103ng th\u1ec3 l\u00fac, l\u00e0m t\u0103ng s\u1ed1 l\u01b0\u1ee3ng h\u1ed3ng c\u1ea7u, huy\u1ebft s\u1eafc t\u1ed1, gi\u1ea3m\u00a0th\u1eddi gian \u0111\u00f4ng m\u00e1u, t\u0103ng c\u01b0\u1eddng c\u00e1c k\u00edch th\u00edch sinh tr\u01b0\u1edfng\u00a0cho c\u00e1c t\u1ebf b\u00e0o, ch\u1ed1ng l\u00e3o h\u00f3a, b\u1ea3o v\u1ec7 da, gi\u00fap l\u00e0n da\u00a0s\u00e1ng m\u1ecbn, h\u1ed3i xu\u00e2n, t\u0103ng tu\u1ed5i th\u1ecd.<\/p>\n<p>&#8211; L\u00e0 \u0111\u1eb7c s\u1ea3n c\u1ee7a x\u1ee9\u00a0Tr\u1ea7m H\u01b0\u01a1ng, Y\u1ebfn s\u00e0o Kh\u00e1nh H\u00f2a \u0111\u01b0\u1ee3c gi\u1edbi khoa h\u1ecdc v\u00e0 ng\u01b0\u1eddi ti\u00eau d\u00f9ng trong v\u00e0\u00a0ngo\u00e0i n\u01b0\u1edbc \u0111\u00e1nh gi\u00e1 cao v\u1ec1 ch\u1ea5t l\u01b0\u1ee3ng, \u0111\u01b0\u1ee3c \u01b0u \u00e1i g\u1ecdi l\u00e0 \u201c t\u1ed5 y\u1ebfn vua\u201d.<\/p>\n<p>&#8211; Trong th\u00e0nh ph\u1ea7n Y\u1ebfn s\u00e0o c\u00f3 18 lo\u1ea1i acid amin h\u00e0m l\u01b0\u1ee3ng cao v\u00e0 31 lo\u1ea1i nguy\u00ean t\u1ed1 \u0111a, vi l\u01b0\u1ee3ng c\u00f3 \u00edch cho s\u1ee9c kh\u1ecfe con ng\u01b0\u1eddi nh\u01b0: Mn, Br, Cu, Se, Cr, Zn,\u2026<\/p>\n<p>&#8211; C\u00e1c s\u1ea3n ph\u1ea9m c\u1ee7a C\u00f4ng ty lu\u00f4n \u0111\u01b0\u1ee3c ch\u1ebf bi\u1ebfn theo m\u1ed9t quy tr\u00ecnh c\u00f4ng ngh\u1ec7 hi\u1ec7n \u0111\u1ea1i v\u00e0 kh\u00e9p k\u00edn \u0111\u01b0\u1ee3c gi\u00e1m s\u00e1t nghi\u00eam ng\u1eb7t, nh\u1eb1m \u0111\u1ea3m b\u1ea3o gi\u1eef nguy\u00ean h\u00ecnh d\u1ea1ng, m\u00e0u s\u1eafc c\u0169ng nh\u01b0 dinh d\u01b0\u1ee1ng trong t\u1eebng t\u1ed5, t\u1eebng s\u1ee3i Y\u1ebfn s\u00e0o.<\/p>\n<p>&#8211; Y\u1ebfn s\u00e0o Sanvinest Kh\u00e1nh H\u00f2a ch\u00ednh hi\u1ec7u tinh ch\u1ebf l\u00e0 s\u1ea3n ph\u1ea9m \u0111\u00e3 \u0111\u01b0\u1ee3c l\u00e0m s\u1ea1ch ho\u00e0n to\u00e0n. Khi s\u1eed d\u1ee5ng, kh\u00e1ch h\u00e0ng c\u00f3 th\u1ec3 ch\u1ebf bi\u1ebfn ngay m\u00e0 kh\u00f4ng c\u1ea7n ph\u1ea3i l\u00e0m s\u1ea1ch l\u1ea1i.<\/p>\n<p>&nbsp;<\/p>\n<div class=\"content-containing-tables scrollbar wysiwyg prose\">\n<p style=\"text-align: center;\"><iframe title=\"H\u01b0\u1edbng d\u1eabn ch\u1ebf bi\u1ebfn Y\u1ebfn s\u00e0o Kh\u00e1nh Ho\u00e0\" src=\"https:\/\/www.youtube.com\/embed\/SN-40DMAgJo\" width=\"820\" height=\"461\" frameborder=\"0\" allowfullscreen=\"allowfullscreen\"><\/iframe><\/p>\n<\/div>\n","protected":false},"excerpt":{"rendered":"<p>&#8211; S\u1ea3n ph\u1ea9m Y\u1ebfn s\u00e0o Sanvinest Kh\u00e1nh H\u00f2a ch\u00ednh hi\u1ec7u tinh ch\u1ebf d\u1ea1ng t\u1ed5 50 gam h\u1ed9p qu\u00e0 t\u1eb7ng, m\u00e3 s\u1ea3n ph\u1ea9m SH650, g\u1ed3m c\u00f3 50 gam y\u1ebfn tinh ch\u1ebf d\u1ea1ng t\u1ed5 \u0111\u01b0\u1ee3c \u0111\u00f3ng g\u00f3i v\u1edbi d\u1ea1ng h\u1ed9p qu\u00e0 t\u1eb7ng simili h\u00ecnh tr\u00e1i tim cao c\u1ea5p, r\u1ea5t th\u00edch h\u1ee3p s\u1eed d\u1ee5ng \u0111\u1ec3 l\u00e0m qu\u00e0 bi\u1ebfu t\u1eb7ng.<\/p>\n","protected":false},"featured_media":5567,"comment_status":"open","ping_status":"closed","template":"","meta":{"_acf_changed":false},"product_brand":[],"product_cat":[84],"product_tag":[],"class_list":{"0":"post-5527","1":"product","2":"type-product","3":"status-publish","4":"has-post-thumbnail","6":"product_cat-yen-sao-tinh-che","8":"first","9":"instock","10":"shipping-taxable","11":"purchasable","12":"product-type-simple"},"acf":[],"yoast_head":"<!-- This site is optimized with the Yoast SEO Premium plugin v23.0 (Yoast SEO v25.1) - https:\/\/yoast.com\/wordpress\/plugins\/seo\/ -->\n<title>Y\u1ebfn s\u00e0o Sanvinest Kh\u00e1nh H\u00f2a ch\u00ednh hi\u1ec7u tinh ch\u1ebf d\u1ea1ng t\u1ed5 50g h\u1ed9p qu\u00e0 t\u1eb7ng - SH650 - Y\u1ebfn S\u00e0o 100 SALE<\/title>\n<meta name=\"robots\" content=\"noindex, follow, max-snippet:-1, max-image-preview:large, max-video-preview:-1\" \/>\n<meta property=\"og:locale\" content=\"vi_VN\" \/>\n<meta property=\"og:type\" content=\"article\" \/>\n<meta property=\"og:title\" content=\"Y\u1ebfn s\u00e0o Sanvinest Kh\u00e1nh H\u00f2a ch\u00ednh hi\u1ec7u tinh ch\u1ebf d\u1ea1ng t\u1ed5 50g h\u1ed9p qu\u00e0 t\u1eb7ng - SH650\" \/>\n<meta property=\"og:description\" content=\"- S\u1ea3n ph\u1ea9m Y\u1ebfn s\u00e0o Sanvinest Kh\u00e1nh H\u00f2a ch\u00ednh hi\u1ec7u tinh ch\u1ebf d\u1ea1ng t\u1ed5 50 gam h\u1ed9p qu\u00e0 t\u1eb7ng, m\u00e3 s\u1ea3n ph\u1ea9m SH650, g\u1ed3m c\u00f3 50 gam y\u1ebfn tinh ch\u1ebf d\u1ea1ng t\u1ed5 \u0111\u01b0\u1ee3c \u0111\u00f3ng g\u00f3i v\u1edbi d\u1ea1ng h\u1ed9p qu\u00e0 t\u1eb7ng simili h\u00ecnh tr\u00e1i tim cao c\u1ea5p, r\u1ea5t th\u00edch h\u1ee3p s\u1eed d\u1ee5ng \u0111\u1ec3 l\u00e0m qu\u00e0 bi\u1ebfu t\u1eb7ng.\" \/>\n<meta property=\"og:url\" content=\"https:\/\/yensao100.com\/vi\/product\/yen-sao-sanvinest-khanh-hoa-chinh-hieu-tinh-che-dang-to-50g-hop-qua-tang-sh650\/\" \/>\n<meta property=\"og:site_name\" content=\"Y\u1ebfn S\u00e0o 100 SALE\" \/>\n<meta property=\"article:modified_time\" content=\"2025-05-06T03:14:08+00:00\" \/>\n<meta property=\"og:image\" content=\"https:\/\/yensao100.com\/wp-content\/uploads\/2025\/05\/SH650-09.jpg\" \/>\n\t<meta property=\"og:image:width\" content=\"460\" \/>\n\t<meta property=\"og:image:height\" content=\"310\" \/>\n\t<meta property=\"og:image:type\" content=\"image\/jpeg\" \/>\n<meta name=\"twitter:card\" content=\"summary_large_image\" \/>\n<meta name=\"twitter:label1\" content=\"Est. reading time\" \/>\n\t<meta name=\"twitter:data1\" content=\"2 minutes\" \/>\n<script type=\"application\/ld+json\" class=\"yoast-schema-graph\">{\"@context\":\"https:\/\/schema.org\",\"@graph\":[{\"@type\":\"WebPage\",\"@id\":\"https:\/\/yensao100.com\/vi\/product\/yen-sao-sanvinest-khanh-hoa-chinh-hieu-tinh-che-dang-to-50g-hop-qua-tang-sh650\/\",\"url\":\"https:\/\/yensao100.com\/vi\/product\/yen-sao-sanvinest-khanh-hoa-chinh-hieu-tinh-che-dang-to-50g-hop-qua-tang-sh650\/\",\"name\":\"Y\u1ebfn s\u00e0o Sanvinest Kh\u00e1nh H\u00f2a ch\u00ednh hi\u1ec7u tinh ch\u1ebf d\u1ea1ng t\u1ed5 50g h\u1ed9p qu\u00e0 t\u1eb7ng - SH650 - Y\u1ebfn S\u00e0o 100 SALE\",\"isPartOf\":{\"@id\":\"https:\/\/yensao100.com\/#website\"},\"primaryImageOfPage\":{\"@id\":\"https:\/\/yensao100.com\/vi\/product\/yen-sao-sanvinest-khanh-hoa-chinh-hieu-tinh-che-dang-to-50g-hop-qua-tang-sh650\/#primaryimage\"},\"image\":{\"@id\":\"https:\/\/yensao100.com\/vi\/product\/yen-sao-sanvinest-khanh-hoa-chinh-hieu-tinh-che-dang-to-50g-hop-qua-tang-sh650\/#primaryimage\"},\"thumbnailUrl\":\"https:\/\/yensao100.com\/wp-content\/uploads\/2025\/05\/SH650-09.jpg\",\"datePublished\":\"2025-05-06T02:34:07+00:00\",\"dateModified\":\"2025-05-06T03:14:08+00:00\",\"breadcrumb\":{\"@id\":\"https:\/\/yensao100.com\/vi\/product\/yen-sao-sanvinest-khanh-hoa-chinh-hieu-tinh-che-dang-to-50g-hop-qua-tang-sh650\/#breadcrumb\"},\"inLanguage\":\"vi-VN\",\"potentialAction\":[{\"@type\":\"ReadAction\",\"target\":[\"https:\/\/yensao100.com\/vi\/product\/yen-sao-sanvinest-khanh-hoa-chinh-hieu-tinh-che-dang-to-50g-hop-qua-tang-sh650\/\"]}]},{\"@type\":\"ImageObject\",\"inLanguage\":\"vi-VN\",\"@id\":\"https:\/\/yensao100.com\/vi\/product\/yen-sao-sanvinest-khanh-hoa-chinh-hieu-tinh-che-dang-to-50g-hop-qua-tang-sh650\/#primaryimage\",\"url\":\"https:\/\/yensao100.com\/wp-content\/uploads\/2025\/05\/SH650-09.jpg\",\"contentUrl\":\"https:\/\/yensao100.com\/wp-content\/uploads\/2025\/05\/SH650-09.jpg\",\"width\":460,\"height\":310},{\"@type\":\"BreadcrumbList\",\"@id\":\"https:\/\/yensao100.com\/vi\/product\/yen-sao-sanvinest-khanh-hoa-chinh-hieu-tinh-che-dang-to-50g-hop-qua-tang-sh650\/#breadcrumb\",\"itemListElement\":[{\"@type\":\"ListItem\",\"position\":1,\"name\":\"Home\",\"item\":\"https:\/\/yensao100.com\/\"},{\"@type\":\"ListItem\",\"position\":2,\"name\":\"Shop\",\"item\":\"https:\/\/yensao100.com\/shop\/\"},{\"@type\":\"ListItem\",\"position\":3,\"name\":\"Y\u1ebfn s\u00e0o Sanvinest Kh\u00e1nh H\u00f2a ch\u00ednh hi\u1ec7u tinh ch\u1ebf d\u1ea1ng t\u1ed5 50g h\u1ed9p qu\u00e0 t\u1eb7ng &#8211; SH650\"}]},{\"@type\":\"WebSite\",\"@id\":\"https:\/\/yensao100.com\/#website\",\"url\":\"https:\/\/yensao100.com\/\",\"name\":\"Y\u1ebfn S\u00e0o 100\",\"description\":\"\",\"publisher\":{\"@id\":\"https:\/\/yensao100.com\/#organization\"},\"potentialAction\":[{\"@type\":\"SearchAction\",\"target\":{\"@type\":\"EntryPoint\",\"urlTemplate\":\"https:\/\/yensao100.com\/?s={search_term_string}\"},\"query-input\":{\"@type\":\"PropertyValueSpecification\",\"valueRequired\":true,\"valueName\":\"search_term_string\"}}],\"inLanguage\":\"vi-VN\"},{\"@type\":\"Organization\",\"@id\":\"https:\/\/yensao100.com\/#organization\",\"name\":\"C\u00d4NG TY TNHH M\u1ed8T TH\u00c0NH VI\u00caN Y\u1ebeN 100\",\"url\":\"https:\/\/yensao100.com\/\",\"logo\":{\"@type\":\"ImageObject\",\"inLanguage\":\"vi-VN\",\"@id\":\"https:\/\/yensao100.com\/#\/schema\/logo\/image\/\",\"url\":\"https:\/\/yensao100.com\/wp-content\/uploads\/2025\/04\/Yen100-logo-cut.png\",\"contentUrl\":\"https:\/\/yensao100.com\/wp-content\/uploads\/2025\/04\/Yen100-logo-cut.png\",\"width\":3059,\"height\":2229,\"caption\":\"C\u00d4NG TY TNHH M\u1ed8T TH\u00c0NH VI\u00caN Y\u1ebeN 100\"},\"image\":{\"@id\":\"https:\/\/yensao100.com\/#\/schema\/logo\/image\/\"}}]}<\/script>\n<!-- \/ Yoast SEO Premium plugin. -->","yoast_head_json":{"title":"Y\u1ebfn s\u00e0o Sanvinest Kh\u00e1nh H\u00f2a ch\u00ednh hi\u1ec7u tinh ch\u1ebf d\u1ea1ng t\u1ed5 50g h\u1ed9p qu\u00e0 t\u1eb7ng - SH650 - Y\u1ebfn S\u00e0o 100 SALE","robots":{"index":"noindex","follow":"follow","max-snippet":"max-snippet:-1","max-image-preview":"max-image-preview:large","max-video-preview":"max-video-preview:-1"},"og_locale":"vi_VN","og_type":"article","og_title":"Y\u1ebfn s\u00e0o Sanvinest Kh\u00e1nh H\u00f2a ch\u00ednh hi\u1ec7u tinh ch\u1ebf d\u1ea1ng t\u1ed5 50g h\u1ed9p qu\u00e0 t\u1eb7ng - SH650","og_description":"- S\u1ea3n ph\u1ea9m Y\u1ebfn s\u00e0o Sanvinest Kh\u00e1nh H\u00f2a ch\u00ednh hi\u1ec7u tinh ch\u1ebf d\u1ea1ng t\u1ed5 50 gam h\u1ed9p qu\u00e0 t\u1eb7ng, m\u00e3 s\u1ea3n ph\u1ea9m SH650, g\u1ed3m c\u00f3 50 gam y\u1ebfn tinh ch\u1ebf d\u1ea1ng t\u1ed5 \u0111\u01b0\u1ee3c \u0111\u00f3ng g\u00f3i v\u1edbi d\u1ea1ng h\u1ed9p qu\u00e0 t\u1eb7ng simili h\u00ecnh tr\u00e1i tim cao c\u1ea5p, r\u1ea5t th\u00edch h\u1ee3p s\u1eed d\u1ee5ng \u0111\u1ec3 l\u00e0m qu\u00e0 bi\u1ebfu t\u1eb7ng.","og_url":"https:\/\/yensao100.com\/vi\/product\/yen-sao-sanvinest-khanh-hoa-chinh-hieu-tinh-che-dang-to-50g-hop-qua-tang-sh650\/","og_site_name":"Y\u1ebfn S\u00e0o 100 SALE","article_modified_time":"2025-05-06T03:14:08+00:00","og_image":[{"width":460,"height":310,"url":"https:\/\/yensao100.com\/wp-content\/uploads\/2025\/05\/SH650-09.jpg","type":"image\/jpeg"}],"twitter_card":"summary_large_image","twitter_misc":{"Est. reading time":"2 minutes"},"schema":{"@context":"https:\/\/schema.org","@graph":[{"@type":"WebPage","@id":"https:\/\/yensao100.com\/vi\/product\/yen-sao-sanvinest-khanh-hoa-chinh-hieu-tinh-che-dang-to-50g-hop-qua-tang-sh650\/","url":"https:\/\/yensao100.com\/vi\/product\/yen-sao-sanvinest-khanh-hoa-chinh-hieu-tinh-che-dang-to-50g-hop-qua-tang-sh650\/","name":"Y\u1ebfn s\u00e0o Sanvinest Kh\u00e1nh H\u00f2a ch\u00ednh hi\u1ec7u tinh ch\u1ebf d\u1ea1ng t\u1ed5 50g h\u1ed9p qu\u00e0 t\u1eb7ng - SH650 - Y\u1ebfn S\u00e0o 100 SALE","isPartOf":{"@id":"https:\/\/yensao100.com\/#website"},"primaryImageOfPage":{"@id":"https:\/\/yensao100.com\/vi\/product\/yen-sao-sanvinest-khanh-hoa-chinh-hieu-tinh-che-dang-to-50g-hop-qua-tang-sh650\/#primaryimage"},"image":{"@id":"https:\/\/yensao100.com\/vi\/product\/yen-sao-sanvinest-khanh-hoa-chinh-hieu-tinh-che-dang-to-50g-hop-qua-tang-sh650\/#primaryimage"},"thumbnailUrl":"https:\/\/yensao100.com\/wp-content\/uploads\/2025\/05\/SH650-09.jpg","datePublished":"2025-05-06T02:34:07+00:00","dateModified":"2025-05-06T03:14:08+00:00","breadcrumb":{"@id":"https:\/\/yensao100.com\/vi\/product\/yen-sao-sanvinest-khanh-hoa-chinh-hieu-tinh-che-dang-to-50g-hop-qua-tang-sh650\/#breadcrumb"},"inLanguage":"vi-VN","potentialAction":[{"@type":"ReadAction","target":["https:\/\/yensao100.com\/vi\/product\/yen-sao-sanvinest-khanh-hoa-chinh-hieu-tinh-che-dang-to-50g-hop-qua-tang-sh650\/"]}]},{"@type":"ImageObject","inLanguage":"vi-VN","@id":"https:\/\/yensao100.com\/vi\/product\/yen-sao-sanvinest-khanh-hoa-chinh-hieu-tinh-che-dang-to-50g-hop-qua-tang-sh650\/#primaryimage","url":"https:\/\/yensao100.com\/wp-content\/uploads\/2025\/05\/SH650-09.jpg","contentUrl":"https:\/\/yensao100.com\/wp-content\/uploads\/2025\/05\/SH650-09.jpg","width":460,"height":310},{"@type":"BreadcrumbList","@id":"https:\/\/yensao100.com\/vi\/product\/yen-sao-sanvinest-khanh-hoa-chinh-hieu-tinh-che-dang-to-50g-hop-qua-tang-sh650\/#breadcrumb","itemListElement":[{"@type":"ListItem","position":1,"name":"Home","item":"https:\/\/yensao100.com\/"},{"@type":"ListItem","position":2,"name":"Shop","item":"https:\/\/yensao100.com\/shop\/"},{"@type":"ListItem","position":3,"name":"Y\u1ebfn s\u00e0o Sanvinest Kh\u00e1nh H\u00f2a ch\u00ednh hi\u1ec7u tinh ch\u1ebf d\u1ea1ng t\u1ed5 50g h\u1ed9p qu\u00e0 t\u1eb7ng &#8211; SH650"}]},{"@type":"WebSite","@id":"https:\/\/yensao100.com\/#website","url":"https:\/\/yensao100.com\/","name":"Y\u1ebfn S\u00e0o 100","description":"","publisher":{"@id":"https:\/\/yensao100.com\/#organization"},"potentialAction":[{"@type":"SearchAction","target":{"@type":"EntryPoint","urlTemplate":"https:\/\/yensao100.com\/?s={search_term_string}"},"query-input":{"@type":"PropertyValueSpecification","valueRequired":true,"valueName":"search_term_string"}}],"inLanguage":"vi-VN"},{"@type":"Organization","@id":"https:\/\/yensao100.com\/#organization","name":"C\u00d4NG TY TNHH M\u1ed8T TH\u00c0NH VI\u00caN Y\u1ebeN 100","url":"https:\/\/yensao100.com\/","logo":{"@type":"ImageObject","inLanguage":"vi-VN","@id":"https:\/\/yensao100.com\/#\/schema\/logo\/image\/","url":"https:\/\/yensao100.com\/wp-content\/uploads\/2025\/04\/Yen100-logo-cut.png","contentUrl":"https:\/\/yensao100.com\/wp-content\/uploads\/2025\/04\/Yen100-logo-cut.png","width":3059,"height":2229,"caption":"C\u00d4NG TY TNHH M\u1ed8T TH\u00c0NH VI\u00caN Y\u1ebeN 100"},"image":{"@id":"https:\/\/yensao100.com\/#\/schema\/logo\/image\/"}}]}},"_links":{"self":[{"href":"https:\/\/yensao100.com\/vi\/wp-json\/wp\/v2\/product\/5527","targetHints":{"allow":["GET"]}}],"collection":[{"href":"https:\/\/yensao100.com\/vi\/wp-json\/wp\/v2\/product"}],"about":[{"href":"https:\/\/yensao100.com\/vi\/wp-json\/wp\/v2\/types\/product"}],"replies":[{"embeddable":true,"href":"https:\/\/yensao100.com\/vi\/wp-json\/wp\/v2\/comments?post=5527"}],"wp:featuredmedia":[{"embeddable":true,"href":"https:\/\/yensao100.com\/vi\/wp-json\/wp\/v2\/media\/5567"}],"wp:attachment":[{"href":"https:\/\/yensao100.com\/vi\/wp-json\/wp\/v2\/media?parent=5527"}],"wp:term":[{"taxonomy":"product_brand","embeddable":true,"href":"https:\/\/yensao100.com\/vi\/wp-json\/wp\/v2\/product_brand?post=5527"},{"taxonomy":"product_cat","embeddable":true,"href":"https:\/\/yensao100.com\/vi\/wp-json\/wp\/v2\/product_cat?post=5527"},{"taxonomy":"product_tag","embeddable":true,"href":"https:\/\/yensao100.com\/vi\/wp-json\/wp\/v2\/product_tag?post=5527"}],"curies":[{"name":"wp","href":"https:\/\/api.w.org\/{rel}","templated":true}]}}